{"id":783,"date":"2017-08-09T21:03:41","date_gmt":"2017-08-10T01:03:41","guid":{"rendered":"http:\/\/greencompete.com\/?page_id=783\/"},"modified":"2017-11-18T10:02:02","modified_gmt":"2017-11-18T14:02:02","slug":"temoignages","status":"publish","type":"page","link":"https:\/\/greencompete.com\/fr\/temoignages\/","title":{"rendered":"T\u00e9moignages"},"content":{"rendered":"<p>[et_pb_section bb_built=\u00a0\u00bb1&Prime; fullwidth=\u00a0\u00bboff\u00a0\u00bb specialty=\u00a0\u00bboff\u00a0\u00bb background_image=\u00a0\u00bbhttp:\/\/greencompete.com\/wp-content\/uploads\/group-meeting-resize.png\u00a0\u00bb transparent_background=\u00a0\u00bboff\u00a0\u00bb _builder_version=\u00a0\u00bb3.0.89&Prime; custom_padding=\u00a0\u00bb200px||200px|\u00a0\u00bb background_position=\u00a0\u00bbtop_center\u00a0\u00bb global_module=\u00a0\u00bb895&Prime;][et_pb_row global_parent=\u00a0\u00bb895&Prime; make_fullwidth=\u00a0\u00bboff\u00a0\u00bb use_custom_width=\u00a0\u00bboff\u00a0\u00bb width_unit=\u00a0\u00bbon\u00a0\u00bb use_custom_gutter=\u00a0\u00bboff\u00a0\u00bb custom_padding=\u00a0\u00bb5%||5%|\u00a0\u00bb allow_player_pause=\u00a0\u00bboff\u00a0\u00bb parallax=\u00a0\u00bboff\u00a0\u00bb parallax_method=\u00a0\u00bboff\u00a0\u00bb make_equal=\u00a0\u00bboff\u00a0\u00bb parallax_1=\u00a0\u00bboff\u00a0\u00bb parallax_method_1=\u00a0\u00bboff\u00a0\u00bb background_position=\u00a0\u00bbtop_left\u00a0\u00bb background_repeat=\u00a0\u00bbrepeat\u00a0\u00bb background_size=\u00a0\u00bbinitial\u00a0\u00bb][\/et_pb_row][\/et_pb_section][et_pb_section bb_built=\u00a0\u00bb1&Prime; admin_label=\u00a0\u00bbsection\u00a0\u00bb][et_pb_row][et_pb_column type=\u00a0\u00bb4_4&Prime;][et_pb_text admin_label=\u00a0\u00bbT\u00e9moignages\u00a0\u00bb background_layout=\u00a0\u00bblight\u00a0\u00bb text_orientation=\u00a0\u00bbcenter\u00a0\u00bb border_style=\u00a0\u00bbsolid\u00a0\u00bb custom_margin=\u00a0\u00bb|25px||\u00a0\u00bb custom_padding=\u00a0\u00bb||30px|\u00a0\u00bb saved_tabs=\u00a0\u00bball\u00a0\u00bb _builder_version=\u00a0\u00bb3.0.67&Prime; module_alignment=\u00a0\u00bbcenter\u00a0\u00bb]<\/p>\n<h1 class=\"entry-title\"><span style=\"color: #000000;\">T\u00e9moignages<\/span><\/h1>\n<p>[\/et_pb_text][\/et_pb_column][\/et_pb_row][et_pb_row admin_label=\u00a0\u00bbrow\u00a0\u00bb background_position=\u00a0\u00bbtop_left\u00a0\u00bb background_repeat=\u00a0\u00bbrepeat\u00a0\u00bb background_size=\u00a0\u00bbinitial\u00a0\u00bb][et_pb_column type=\u00a0\u00bb4_4&Prime;][et_pb_testimonial admin_label=\u00a0\u00bbGlenn Matheson\u00a0\u00bb author=\u00a0\u00bbGlenn Matheson\u00a0\u00bb job_title=\u00a0\u00bbPr\u00e9sident\u00a0\u00bb company_name=\u00a0\u00bbAssociation des professionnels en alliances strat\u00e9giques, branche de Toronto\u00a0\u00bb url_new_window=\u00a0\u00bbon\u00a0\u00bb quote_icon=\u00a0\u00bbon\u00a0\u00bb use_background_color=\u00a0\u00bbon\u00a0\u00bb background_color=\u00a0\u00bb#dddddd\u00a0\u00bb background_layout=\u00a0\u00bblight\u00a0\u00bb text_orientation=\u00a0\u00bbleft\u00a0\u00bb border_style=\u00a0\u00bbsolid\u00a0\u00bb quote_icon_color=\u00a0\u00bb#0086ed\u00a0\u00bb background_position=\u00a0\u00bbtop_left\u00a0\u00bb background_repeat=\u00a0\u00bbrepeat\u00a0\u00bb background_size=\u00a0\u00bbinitial\u00a0\u00bb _builder_version=\u00a0\u00bb3.0.67&Prime; quote_icon_background_color=\u00a0\u00bb#f5f5f5&Prime; border_radii_portrait=\u00a0\u00bbon||||\u00a0\u00bb]<\/p>\n<p><em>L\u2019ing\u00e9niosit\u00e9 et l&rsquo;engagement de Marie-Jos\u00e9e ont profit\u00e9 \u00e0 notre organisation. Elle a fait preuve de d\u00e9vouement qui d\u00e9passe les attentes. Son enthousiasme toujours pr\u00e9sent est toujours rafra\u00eechissant et le soutien qu&rsquo;elle a constamment fourni au cours des derni\u00e8res ann\u00e9es a \u00e9t\u00e9 grandement appr\u00e9ci\u00e9.<\/em><\/p>\n<p>[\/et_pb_testimonial][et_pb_testimonial admin_label=\u00a0\u00bbDenise Amyot\u00a0\u00bb author=\u00a0\u00bbDenise Amyot\u00a0\u00bb job_title=\u00a0\u00bbPr\u00e9sidente\u00a0\u00bb company_name=\u00a0\u00bbF\u00e9d\u00e9ration mondiale des coll\u00e8ges et \u00e9coles polytechniques\u00a0\u00bb url_new_window=\u00a0\u00bbon\u00a0\u00bb quote_icon=\u00a0\u00bbon\u00a0\u00bb use_background_color=\u00a0\u00bbon\u00a0\u00bb background_color=\u00a0\u00bb#dddddd\u00a0\u00bb background_layout=\u00a0\u00bblight\u00a0\u00bb text_orientation=\u00a0\u00bbleft\u00a0\u00bb border_style=\u00a0\u00bbsolid\u00a0\u00bb quote_icon_color=\u00a0\u00bb#0086ed\u00a0\u00bb background_position=\u00a0\u00bbtop_left\u00a0\u00bb background_repeat=\u00a0\u00bbrepeat\u00a0\u00bb background_size=\u00a0\u00bbinitial\u00a0\u00bb _builder_version=\u00a0\u00bb3.0.67&Prime; quote_icon_background_color=\u00a0\u00bb#f5f5f5&Prime; border_radii_portrait=\u00a0\u00bbon||||\u00a0\u00bb]<\/p>\n<p><em>Merci d\u2019avoir planifi\u00e9 les activit\u00e9s du Congr\u00e8s mondial, qui a \u00e9t\u00e9 un grand succ\u00e8s. Vous avez fait un excellent travail lors de la promotion de l&rsquo;\u00e9v\u00e9nement, en trouvant des partenaires et en \u00e9tablissant des relations avec nos membres. Votre contribution a \u00e9t\u00e9 exceptionnelle.<\/em><\/p>\n<p>[\/et_pb_testimonial][et_pb_testimonial admin_label=\u00a0\u00bbDeborah Davis\u00a0\u00bb author=\u00a0\u00bbDeborah Davis Executive\u00a0\u00bb job_title=\u00a0\u00bbDirectrice ex\u00e9cutive\u00a0\u00bb company_name=\u00a0\u00bbDirection des communications et marketing, Environnement Canada\u00a0\u00bb url_new_window=\u00a0\u00bbon\u00a0\u00bb quote_icon=\u00a0\u00bbon\u00a0\u00bb use_background_color=\u00a0\u00bbon\u00a0\u00bb background_color=\u00a0\u00bb#dddddd\u00a0\u00bb background_layout=\u00a0\u00bblight\u00a0\u00bb text_orientation=\u00a0\u00bbleft\u00a0\u00bb border_style=\u00a0\u00bbsolid\u00a0\u00bb background_position=\u00a0\u00bbtop_left\u00a0\u00bb background_repeat=\u00a0\u00bbrepeat\u00a0\u00bb background_size=\u00a0\u00bbinitial\u00a0\u00bb _builder_version=\u00a0\u00bb3.0.67&Prime; quote_icon_background_color=\u00a0\u00bb#f5f5f5&Prime; border_radii_portrait=\u00a0\u00bbon||||\u00a0\u00bb]<\/p>\n<div class=\"testimonial_body\">\n<div class=\"testimonial_body\">\n<div class=\"testimonial_body\">\n<p><em>Marie-Jos\u00e9e, je voulais simplement souligner l\u2019excellent travail que vous avez fait sur Globe.\u00a0 Nous n&rsquo;aurions pas pu le faire sans vous et je suis impressionn\u00e9e par votre professionnalisme. Votre attention aux d\u00e9tails et vos comp\u00e9tences organisationnelles \u00e9taient des \u00e9l\u00e9ments essentiels \u00e0 la r\u00e9ussite du projet. Merci beaucoup pour votre contribution exceptionnelle.<\/em><\/p>\n<\/div>\n<\/div>\n<\/div>\n<p>[\/et_pb_testimonial][et_pb_testimonial admin_label=\u00a0\u00bbKarim Menassa\u00a0\u00bb author=\u00a0\u00bbKarim Menassa\u00a0\u00bb job_title=\u00a0\u00bbPr\u00e9sident directeur g\u00e9n\u00e9ral\u00a0\u00bb company_name=\u00a0\u00bbMIT Canada\u00a0\u00bb url_new_window=\u00a0\u00bbon\u00a0\u00bb quote_icon=\u00a0\u00bbon\u00a0\u00bb use_background_color=\u00a0\u00bbon\u00a0\u00bb background_color=\u00a0\u00bb#dddddd\u00a0\u00bb background_layout=\u00a0\u00bblight\u00a0\u00bb text_orientation=\u00a0\u00bbleft\u00a0\u00bb border_style=\u00a0\u00bbsolid\u00a0\u00bb background_position=\u00a0\u00bbtop_left\u00a0\u00bb background_repeat=\u00a0\u00bbrepeat\u00a0\u00bb background_size=\u00a0\u00bbinitial\u00a0\u00bb _builder_version=\u00a0\u00bb3.0.67&Prime; quote_icon_background_color=\u00a0\u00bb#f5f5f5&Prime; border_radii_portrait=\u00a0\u00bbon||||\u00a0\u00bb]<\/p>\n<div class=\"testimonial_body\">\n<div class=\"testimonial_body\">\n<div class=\"testimonial_body\">\n<div class=\"testimonial_body\">\n<p><em>Je tiens \u00e0 vous f\u00e9liciter d\u2019un travail bien accompli lors de la pr\u00e9sentation pour l&rsquo;Initiative de projets internationaux. Votre professionnalisme et votre minutie ont contribu\u00e9 au succ\u00e8s de cette pr\u00e9sentation.<\/em> <em>J&rsquo;aimerais vous remercier sinc\u00e8rement de vos efforts.<\/em><\/p>\n<\/div>\n<\/div>\n<\/div>\n<\/div>\n<p>[\/et_pb_testimonial][et_pb_testimonial admin_label=\u00a0\u00bbAnn Buller\u00a0\u00bb author=\u00a0\u00bbAnn Buller\u00a0\u00bb job_title=\u00a0\u00bbPr\u00e9sidente\u00a0\u00bb company_name=\u00a0\u00bbColl\u00e8ge Centennial \u00a0\u00bb url_new_window=\u00a0\u00bbon\u00a0\u00bb quote_icon=\u00a0\u00bbon\u00a0\u00bb use_background_color=\u00a0\u00bbon\u00a0\u00bb background_color=\u00a0\u00bb#dddddd\u00a0\u00bb background_layout=\u00a0\u00bblight\u00a0\u00bb text_orientation=\u00a0\u00bbleft\u00a0\u00bb border_style=\u00a0\u00bbsolid\u00a0\u00bb background_position=\u00a0\u00bbtop_left\u00a0\u00bb background_repeat=\u00a0\u00bbrepeat\u00a0\u00bb background_size=\u00a0\u00bbinitial\u00a0\u00bb _builder_version=\u00a0\u00bb3.0.67&Prime; quote_icon_background_color=\u00a0\u00bb#f5f5f5&Prime; border_radii_portrait=\u00a0\u00bbon||||\u00a0\u00bb]<\/p>\n<div class=\"testimonial_body\">\n<div class=\"testimonial_body\">\n<div class=\"testimonial_body\">\n<div class=\"testimonial_body\">\n<div class=\"style-light_style hide_thumbs hide_title hide_date _rating hide_other easy_t_single_testimonial\">\n<div class=\"testimonial_body\">\n<p><em>J&rsquo;ai vraiment aim\u00e9 travailler avec vous sur l&rsquo;atelier de d\u00e9veloppement du leadership ex\u00e9cutif que vous avez organis\u00e9 en Chine. Vous avez d\u00e9velopp\u00e9 un programme riche pour les cadres qui ont pu partager les meilleures pratiques et les tendances dans des domaines cl\u00e9s, ainsi que cr\u00e9er des liens et d\u00e9velopper de nouvelles collaborations.<\/em><\/p>\n<\/div>\n<\/div>\n<\/div>\n<\/div>\n<\/div>\n<\/div>\n<p>[\/et_pb_testimonial][et_pb_testimonial admin_label=\u00a0\u00bbPaul D. Fitzpatrick\u00a0\u00bb author=\u00a0\u00bbPaul D. Fitzpatrick \u00a0\u00bb job_title=\u00a0\u00bbDirecteur g\u00e9n\u00e9ral de l\u2019unit\u00e9 commerciale, Alliances strat\u00e9giques globales, Services analytiques pour les entreprises\u00a0\u00bb company_name=\u00a0\u00bbIBM\u00a0\u00bb url_new_window=\u00a0\u00bbon\u00a0\u00bb quote_icon=\u00a0\u00bbon\u00a0\u00bb use_background_color=\u00a0\u00bbon\u00a0\u00bb background_color=\u00a0\u00bb#dddddd\u00a0\u00bb background_layout=\u00a0\u00bblight\u00a0\u00bb text_orientation=\u00a0\u00bbleft\u00a0\u00bb border_style=\u00a0\u00bbsolid\u00a0\u00bb background_position=\u00a0\u00bbtop_left\u00a0\u00bb background_repeat=\u00a0\u00bbrepeat\u00a0\u00bb background_size=\u00a0\u00bbinitial\u00a0\u00bb _builder_version=\u00a0\u00bb3.0.67&Prime; quote_icon_background_color=\u00a0\u00bb#f5f5f5&Prime; border_radii_portrait=\u00a0\u00bbon||||\u00a0\u00bb]<\/p>\n<div class=\"testimonial_body\">\n<div class=\"testimonial_body\">\n<div class=\"testimonial_body\">\n<div class=\"testimonial_body\">\n<div class=\"style-light_style hide_thumbs hide_title hide_date _rating hide_other easy_t_single_testimonial\">\n<div class=\"testimonial_body\">\n<div class=\"testimonial_body\">\n<p><em>J&rsquo;ai bien appr\u00e9ci\u00e9 l&rsquo;\u00e9v\u00e9nement et je pense qu\u2019il \u00e9tait tr\u00e8s bien organis\u00e9 et ex\u00e9cut\u00e9.<\/em><\/p>\n<\/div>\n<\/div>\n<\/div>\n<\/div>\n<\/div>\n<\/div>\n<\/div>\n<p>[\/et_pb_testimonial][et_pb_testimonial admin_label=\u00a0\u00bbSt\u00e9phanie Allard\u00a0\u00bb author=\u00a0\u00bbSt\u00e9phanie Allard\u00a0\u00bb job_title=\u00a0\u00bbVice-pr\u00e9sidente\u00a0\u00bb company_name=\u00a0\u00bbMontreal International\u00a0\u00bb url_new_window=\u00a0\u00bboff\u00a0\u00bb quote_icon=\u00a0\u00bbon\u00a0\u00bb use_background_color=\u00a0\u00bbon\u00a0\u00bb background_color=\u00a0\u00bb#dddddd\u00a0\u00bb background_layout=\u00a0\u00bblight\u00a0\u00bb text_orientation=\u00a0\u00bbleft\u00a0\u00bb border_style=\u00a0\u00bbsolid\u00a0\u00bb background_position=\u00a0\u00bbtop_left\u00a0\u00bb background_repeat=\u00a0\u00bbrepeat\u00a0\u00bb background_size=\u00a0\u00bbinitial\u00a0\u00bb _builder_version=\u00a0\u00bb3.0.67&Prime; quote_icon_background_color=\u00a0\u00bb#f5f5f5&Prime; border_radii_portrait=\u00a0\u00bbon||||\u00a0\u00bb]<\/p>\n<div class=\"testimonial_body\">\n<p><em>Merci de nous avoir aid\u00e9s \u00e0 organiser des missions commerciales en Europe, aux \u00c9tats-Unis, en Am\u00e9rique latine et en Asie. Nous avons eu des r\u00e9unions fructueuses avec diverses organisations. Nous avons appr\u00e9ci\u00e9 votre professionnalisme.<\/em><\/p>\n<\/div>\n<p>[\/et_pb_testimonial][et_pb_testimonial admin_label=\u00a0\u00bbDave Murphy\u00a0\u00bb author=\u00a0\u00bbDave Murphy \u00a0\u00bb job_title=\u00a0\u00bbDirecteur\u00a0\u00bb company_name=\u00a0\u00bbService des d\u00e9l\u00e9gu\u00e9s commerciaux, Affaires mondiales Canada\u00a0\u00bb url_new_window=\u00a0\u00bboff\u00a0\u00bb quote_icon=\u00a0\u00bbon\u00a0\u00bb use_background_color=\u00a0\u00bbon\u00a0\u00bb background_color=\u00a0\u00bb#dddddd\u00a0\u00bb background_layout=\u00a0\u00bblight\u00a0\u00bb text_orientation=\u00a0\u00bbleft\u00a0\u00bb border_style=\u00a0\u00bbsolid\u00a0\u00bb quote_icon_color=\u00a0\u00bb#0086ed\u00a0\u00bb background_position=\u00a0\u00bbtop_left\u00a0\u00bb background_repeat=\u00a0\u00bbrepeat\u00a0\u00bb background_size=\u00a0\u00bbinitial\u00a0\u00bb _builder_version=\u00a0\u00bb3.0.67&Prime; quote_icon_background_color=\u00a0\u00bb#f5f5f5&Prime; border_radii_portrait=\u00a0\u00bbon||||\u00a0\u00bb]<\/p>\n<div class=\"testimonial_body\">\n<div class=\"testimonial_body\">\n<p><em>Bon travail ! Merci pour ce plan complet. Nous avan\u00e7ons d\u00e9j\u00e0 avec certaines des initiatives pr\u00e9sent\u00e9es, et nous sommes impatients d\u2019en faire plus.<\/em><\/p>\n<\/div>\n<\/div>\n<p>[\/et_pb_testimonial][et_pb_testimonial admin_label=\u00a0\u00bbGuy Laflamme\u00a0\u00bb author=\u00a0\u00bbGuy Laflamme \u00a0\u00bb job_title=\u00a0\u00bbVice-pr\u00e9sident\u00a0\u00bb company_name=\u00a0\u00bbMarketing et communications, Commission de la capitale nationale, Ottawa \u00a0\u00bb url_new_window=\u00a0\u00bboff\u00a0\u00bb quote_icon=\u00a0\u00bbon\u00a0\u00bb use_background_color=\u00a0\u00bbon\u00a0\u00bb background_color=\u00a0\u00bb#dddddd\u00a0\u00bb background_layout=\u00a0\u00bblight\u00a0\u00bb text_orientation=\u00a0\u00bbleft\u00a0\u00bb border_style=\u00a0\u00bbsolid\u00a0\u00bb background_position=\u00a0\u00bbtop_left\u00a0\u00bb background_repeat=\u00a0\u00bbrepeat\u00a0\u00bb background_size=\u00a0\u00bbinitial\u00a0\u00bb _builder_version=\u00a0\u00bb3.0.67&Prime; quote_icon_background_color=\u00a0\u00bb#f5f5f5&Prime; border_radii_portrait=\u00a0\u00bbon||||\u00a0\u00bb]<\/p>\n<div class=\"testimonial_body\">\n<div class=\"testimonial_body\">\n<div class=\"testimonial_body\">\n<p><em>J\u2019appuie et recommande Marie-Jos\u00e9e sans h\u00e9sitation.<\/em><\/p>\n<\/div>\n<\/div>\n<\/div>\n<p>[\/et_pb_testimonial][et_pb_testimonial admin_label=\u00a0\u00bbChantal Morasse\u00a0\u00bb author=\u00a0\u00bbChantal Morasse\u00a0\u00bb job_title=\u00a0\u00bbDirectrice\u00a0\u00bb company_name=\u00a0\u00bbBureau de la recherche appliqu\u00e9e et de l\u2019innovation, La Cit\u00e9 coll\u00e9giale\u00a0\u00bb url_new_window=\u00a0\u00bboff\u00a0\u00bb quote_icon=\u00a0\u00bbon\u00a0\u00bb use_background_color=\u00a0\u00bbon\u00a0\u00bb background_color=\u00a0\u00bb#dddddd\u00a0\u00bb background_layout=\u00a0\u00bblight\u00a0\u00bb text_orientation=\u00a0\u00bbleft\u00a0\u00bb border_style=\u00a0\u00bbsolid\u00a0\u00bb background_position=\u00a0\u00bbtop_left\u00a0\u00bb background_repeat=\u00a0\u00bbrepeat\u00a0\u00bb background_size=\u00a0\u00bbinitial\u00a0\u00bb _builder_version=\u00a0\u00bb3.0.67&Prime; quote_icon_background_color=\u00a0\u00bb#f5f5f5&Prime; border_radii_portrait=\u00a0\u00bbon||||\u00a0\u00bb]<\/p>\n<div class=\"testimonial_body\">\n<div class=\"testimonial_body\">\n<div class=\"testimonial_body\">\n<div class=\"testimonial_body\">\n<p><em>Marie-Jos\u00e9e a fait un travail exceptionnel durant la planification et la mise en \u0153uvre de notre \u00e9v\u00e9nement annuel pr\u00e9sentant nos projets collaboratifs en partenariat avec nos parties prenantes. Elle a r\u00e9ussi \u00e0 organiser un programme riche, et \u00e0 promouvoir l&rsquo;\u00e9v\u00e9nement afin d\u2019attirer un grand nombre de partenaires et de participants.<\/em><\/p>\n<\/div>\n<\/div>\n<\/div>\n<\/div>\n<p>[\/et_pb_testimonial][et_pb_testimonial admin_label=\u00a0\u00bbR\u00e9seau de d\u00e9veloppement \u00e9conomique et d\u2019employabilit\u00e9 (RDEE Canada) \u00a0\u00bb job_title=\u00a0\u00bbPr\u00e9sident\u00a0\u00bb company_name=\u00a0\u00bbR\u00e9seau de d\u00e9veloppement \u00e9conomique et d\u2019employabilit\u00e9 (RDEE Canada) \u00a0\u00bb url_new_window=\u00a0\u00bboff\u00a0\u00bb quote_icon=\u00a0\u00bbon\u00a0\u00bb use_background_color=\u00a0\u00bbon\u00a0\u00bb background_color=\u00a0\u00bb#dddddd\u00a0\u00bb background_layout=\u00a0\u00bblight\u00a0\u00bb text_orientation=\u00a0\u00bbleft\u00a0\u00bb border_style=\u00a0\u00bbsolid\u00a0\u00bb background_position=\u00a0\u00bbtop_left\u00a0\u00bb background_repeat=\u00a0\u00bbrepeat\u00a0\u00bb background_size=\u00a0\u00bbinitial\u00a0\u00bb _builder_version=\u00a0\u00bb3.0.67&Prime; quote_icon_background_color=\u00a0\u00bb#f5f5f5&Prime; border_radii_portrait=\u00a0\u00bbon||||\u00a0\u00bb]<\/p>\n<div class=\"testimonial_body\">\n<div class=\"testimonial_body\">\n<div class=\"testimonial_body\">\n<div class=\"testimonial_body\">\n<div class=\"testimonial_body\">\n<p><em>Nous vous remercions pour la strat\u00e9gie de d\u00e9veloppement \u00e9conomique que vous avez d\u00e9velopp\u00e9e. Vous avez fourni de bonnes recommandations afin de favoriser le commerce et les opportunit\u00e9s commerciales dans des secteurs cl\u00e9s. Nous allons \u00eatre en mesure de mettre en \u0153uvre vos recommandations qui donneront des r\u00e9sultats r\u00e9els.<\/em><\/p>\n<\/div>\n<\/div>\n<\/div>\n<\/div>\n<\/div>\n<p>[\/et_pb_testimonial][et_pb_testimonial admin_label=\u00a0\u00bbNorine Smith\u00a0\u00bb author=\u00a0\u00bbNorine Smith\u00a0\u00bb job_title=\u00a0\u00bbSous-ministre adjointe\u00a0\u00bb company_name=\u00a0\u00bbEnvironnement Canada\u00a0\u00bb url_new_window=\u00a0\u00bboff\u00a0\u00bb quote_icon=\u00a0\u00bbon\u00a0\u00bb use_background_color=\u00a0\u00bbon\u00a0\u00bb background_color=\u00a0\u00bb#dddddd\u00a0\u00bb background_layout=\u00a0\u00bblight\u00a0\u00bb text_orientation=\u00a0\u00bbleft\u00a0\u00bb border_style=\u00a0\u00bbsolid\u00a0\u00bb background_position=\u00a0\u00bbtop_left\u00a0\u00bb background_repeat=\u00a0\u00bbrepeat\u00a0\u00bb background_size=\u00a0\u00bbinitial\u00a0\u00bb _builder_version=\u00a0\u00bb3.0.67&Prime; quote_icon_background_color=\u00a0\u00bb#f5f5f5&Prime; border_radii_portrait=\u00a0\u00bbon||||\u00a0\u00bb]<\/p>\n<div class=\"testimonial_body\">\n<div class=\"testimonial_body\">\n<div class=\"testimonial_body\">\n<div class=\"testimonial_body\">\n<div class=\"testimonial_body\">\n<div class=\"testimonial_body\">\n<p><em>La Conf\u00e9rence des Nations Unies sur les changements climatiques : Montr\u00e9al 2005 a \u00e9t\u00e9 une formidable r\u00e9ussite \u00e0 bien des \u00e9gards. Votre engagement et vos efforts exceptionnels ont apport\u00e9 une contribution importante \u00e0 son succ\u00e8s. Vous avez eu un r\u00f4le cl\u00e9 \u00e0 jouer dans la r\u00e9alisation de cet \u00e9v\u00e9nement ambitieux et extraordinaire. <\/em><\/p>\n<\/div>\n<\/div>\n<\/div>\n<\/div>\n<\/div>\n<\/div>\n<p>[\/et_pb_testimonial][\/et_pb_column][\/et_pb_row][\/et_pb_section]<\/p>\n","protected":false},"excerpt":{"rendered":"<p><div class=\"et_pb_row et_pb_row_0 et_pb_row_empty\">\n\t\t\t\t\n\t\t\t\t\n\t\t\t\t\n\t\t\t\t\n\t\t\t\t\n\t\t\t<\/div> T\u00e9moignages L\u2019ing\u00e9niosit\u00e9 et l&rsquo;engagement de Marie-Jos\u00e9e ont profit\u00e9 \u00e0 notre organisation. Elle a fait preuve de d\u00e9vouement qui d\u00e9passe les attentes. Son enthousiasme toujours pr\u00e9sent est toujours rafra\u00eechissant et le soutien qu&rsquo;elle a constamment fourni au cours des derni\u00e8res ann\u00e9es a \u00e9t\u00e9 grandement appr\u00e9ci\u00e9. Merci d\u2019avoir planifi\u00e9 les activit\u00e9s du Congr\u00e8s mondial, qui a [&hellip;]<\/p>\n","protected":false},"author":2,"featured_media":0,"parent":0,"menu_order":0,"comment_status":"closed","ping_status":"closed","template":"","meta":{"_et_pb_use_builder":"on","_et_pb_old_content":"","_et_gb_content_width":"","footnotes":""},"class_list":["post-783","page","type-page","status-publish","hentry"],"yoast_head":"<!-- This site is optimized with the Yoast SEO plugin v27.4 - https:\/\/yoast.com\/product\/yoast-seo-wordpress\/ -->\n<title>T\u00e9moignages - GreenCompete<\/title>\n<meta name=\"robots\" content=\"index, follow, max-snippet:-1, max-image-preview:large, max-video-preview:-1\" \/>\n<link rel=\"canonical\" href=\"https:\/\/greencompete.com\/fr\/temoignages\/\" \/>\n<meta property=\"og:locale\" content=\"fr_FR\" \/>\n<meta property=\"og:type\" content=\"article\" \/>\n<meta property=\"og:title\" content=\"T\u00e9moignages - GreenCompete\" \/>\n<meta property=\"og:description\" content=\"T\u00e9moignages L\u2019ing\u00e9niosit\u00e9 et l&#039;engagement de Marie-Jos\u00e9e ont profit\u00e9 \u00e0 notre organisation. Elle a fait preuve de d\u00e9vouement qui d\u00e9passe les attentes. Son enthousiasme toujours pr\u00e9sent est toujours rafra\u00eechissant et le soutien qu&#039;elle a constamment fourni au cours des derni\u00e8res ann\u00e9es a \u00e9t\u00e9 grandement appr\u00e9ci\u00e9. Merci d\u2019avoir planifi\u00e9 les activit\u00e9s du Congr\u00e8s mondial, qui a [&hellip;]\" \/>\n<meta property=\"og:url\" content=\"https:\/\/greencompete.com\/fr\/temoignages\/\" \/>\n<meta property=\"og:site_name\" content=\"GreenCompete\" \/>\n<meta property=\"article:modified_time\" content=\"2017-11-18T14:02:02+00:00\" \/>\n<meta name=\"twitter:card\" content=\"summary_large_image\" \/>\n<meta name=\"twitter:label1\" content=\"Dur\u00e9e de lecture estim\u00e9e\" \/>\n\t<meta name=\"twitter:data1\" content=\"8 minutes\" \/>\n<script type=\"application\/ld+json\" class=\"yoast-schema-graph\">{\"@context\":\"https:\\\/\\\/schema.org\",\"@graph\":[{\"@type\":\"WebPage\",\"@id\":\"https:\\\/\\\/greencompete.com\\\/fr\\\/temoignages\\\/\",\"url\":\"https:\\\/\\\/greencompete.com\\\/fr\\\/temoignages\\\/\",\"name\":\"T\u00e9moignages - GreenCompete\",\"isPartOf\":{\"@id\":\"https:\\\/\\\/greencompete.com\\\/#website\"},\"datePublished\":\"2017-08-10T01:03:41+00:00\",\"dateModified\":\"2017-11-18T14:02:02+00:00\",\"breadcrumb\":{\"@id\":\"https:\\\/\\\/greencompete.com\\\/fr\\\/temoignages\\\/#breadcrumb\"},\"inLanguage\":\"fr-FR\",\"potentialAction\":[{\"@type\":\"ReadAction\",\"target\":[\"https:\\\/\\\/greencompete.com\\\/fr\\\/temoignages\\\/\"]}]},{\"@type\":\"BreadcrumbList\",\"@id\":\"https:\\\/\\\/greencompete.com\\\/fr\\\/temoignages\\\/#breadcrumb\",\"itemListElement\":[{\"@type\":\"ListItem\",\"position\":1,\"name\":\"Home\",\"item\":\"https:\\\/\\\/greencompete.com\\\/fr\\\/\"},{\"@type\":\"ListItem\",\"position\":2,\"name\":\"T\u00e9moignages\"}]},{\"@type\":\"WebSite\",\"@id\":\"https:\\\/\\\/greencompete.com\\\/#website\",\"url\":\"https:\\\/\\\/greencompete.com\\\/\",\"name\":\"GreenCompete\",\"description\":\"Helping you grow and compete\",\"potentialAction\":[{\"@type\":\"SearchAction\",\"target\":{\"@type\":\"EntryPoint\",\"urlTemplate\":\"https:\\\/\\\/greencompete.com\\\/?s={search_term_string}\"},\"query-input\":{\"@type\":\"PropertyValueSpecification\",\"valueRequired\":true,\"valueName\":\"search_term_string\"}}],\"inLanguage\":\"fr-FR\"}]}<\/script>\n<!-- \/ Yoast SEO plugin. -->","yoast_head_json":{"title":"T\u00e9moignages - GreenCompete","robots":{"index":"index","follow":"follow","max-snippet":"max-snippet:-1","max-image-preview":"max-image-preview:large","max-video-preview":"max-video-preview:-1"},"canonical":"https:\/\/greencompete.com\/fr\/temoignages\/","og_locale":"fr_FR","og_type":"article","og_title":"T\u00e9moignages - GreenCompete","og_description":"T\u00e9moignages L\u2019ing\u00e9niosit\u00e9 et l'engagement de Marie-Jos\u00e9e ont profit\u00e9 \u00e0 notre organisation. Elle a fait preuve de d\u00e9vouement qui d\u00e9passe les attentes. Son enthousiasme toujours pr\u00e9sent est toujours rafra\u00eechissant et le soutien qu'elle a constamment fourni au cours des derni\u00e8res ann\u00e9es a \u00e9t\u00e9 grandement appr\u00e9ci\u00e9. Merci d\u2019avoir planifi\u00e9 les activit\u00e9s du Congr\u00e8s mondial, qui a [&hellip;]","og_url":"https:\/\/greencompete.com\/fr\/temoignages\/","og_site_name":"GreenCompete","article_modified_time":"2017-11-18T14:02:02+00:00","twitter_card":"summary_large_image","twitter_misc":{"Dur\u00e9e de lecture estim\u00e9e":"8 minutes"},"schema":{"@context":"https:\/\/schema.org","@graph":[{"@type":"WebPage","@id":"https:\/\/greencompete.com\/fr\/temoignages\/","url":"https:\/\/greencompete.com\/fr\/temoignages\/","name":"T\u00e9moignages - GreenCompete","isPartOf":{"@id":"https:\/\/greencompete.com\/#website"},"datePublished":"2017-08-10T01:03:41+00:00","dateModified":"2017-11-18T14:02:02+00:00","breadcrumb":{"@id":"https:\/\/greencompete.com\/fr\/temoignages\/#breadcrumb"},"inLanguage":"fr-FR","potentialAction":[{"@type":"ReadAction","target":["https:\/\/greencompete.com\/fr\/temoignages\/"]}]},{"@type":"BreadcrumbList","@id":"https:\/\/greencompete.com\/fr\/temoignages\/#breadcrumb","itemListElement":[{"@type":"ListItem","position":1,"name":"Home","item":"https:\/\/greencompete.com\/fr\/"},{"@type":"ListItem","position":2,"name":"T\u00e9moignages"}]},{"@type":"WebSite","@id":"https:\/\/greencompete.com\/#website","url":"https:\/\/greencompete.com\/","name":"GreenCompete","description":"Helping you grow and compete","potentialAction":[{"@type":"SearchAction","target":{"@type":"EntryPoint","urlTemplate":"https:\/\/greencompete.com\/?s={search_term_string}"},"query-input":{"@type":"PropertyValueSpecification","valueRequired":true,"valueName":"search_term_string"}}],"inLanguage":"fr-FR"}]}},"_links":{"self":[{"href":"https:\/\/greencompete.com\/fr\/wp-json\/wp\/v2\/pages\/783","targetHints":{"allow":["GET"]}}],"collection":[{"href":"https:\/\/greencompete.com\/fr\/wp-json\/wp\/v2\/pages"}],"about":[{"href":"https:\/\/greencompete.com\/fr\/wp-json\/wp\/v2\/types\/page"}],"author":[{"embeddable":true,"href":"https:\/\/greencompete.com\/fr\/wp-json\/wp\/v2\/users\/2"}],"replies":[{"embeddable":true,"href":"https:\/\/greencompete.com\/fr\/wp-json\/wp\/v2\/comments?post=783"}],"version-history":[{"count":0,"href":"https:\/\/greencompete.com\/fr\/wp-json\/wp\/v2\/pages\/783\/revisions"}],"wp:attachment":[{"href":"https:\/\/greencompete.com\/fr\/wp-json\/wp\/v2\/media?parent=783"}],"curies":[{"name":"wp","href":"https:\/\/api.w.org\/{rel}","templated":true}]}}