{"id":778,"date":"2017-08-09T20:59:17","date_gmt":"2017-08-10T00:59:17","guid":{"rendered":"http:\/\/greencompete.com\/?page_id=778\/"},"modified":"2019-12-18T22:19:17","modified_gmt":"2019-12-19T02:19:17","slug":"collaborations-marketing-pour-les-organismes-publics-et-non-lucratif","status":"publish","type":"page","link":"https:\/\/greencompete.com\/fr\/services\/developpement-de-partenariats\/collaborations-marketing-pour-les-organismes-publics-et-non-lucratif\/","title":{"rendered":"Collaborations marketing pour les organismes publics et \u00e0 but non lucratif"},"content":{"rendered":"<p>[et_pb_section fb_built=\u00a0\u00bb1&Prime; _builder_version=\u00a0\u00bb4.0.9&Prime; background_image=\u00a0\u00bbhttp:\/\/greencompete.com\/wp-content\/uploads\/hand-shaking.jpg\u00a0\u00bb custom_padding=\u00a0\u00bb200px||200px|\u00a0\u00bb transparent_background=\u00a0\u00bboff\u00a0\u00bb global_module=\u00a0\u00bb886&Prime;][et_pb_row _builder_version=\u00a0\u00bb3.25&Prime; background_size=\u00a0\u00bbinitial\u00a0\u00bb background_position=\u00a0\u00bbtop_left\u00a0\u00bb background_repeat=\u00a0\u00bbrepeat\u00a0\u00bb custom_padding=\u00a0\u00bb5%||5%|\u00a0\u00bb make_fullwidth=\u00a0\u00bboff\u00a0\u00bb use_custom_width=\u00a0\u00bboff\u00a0\u00bb width_unit=\u00a0\u00bbon\u00a0\u00bb][\/et_pb_row][\/et_pb_section][et_pb_section fb_built=\u00a0\u00bb1&Prime; admin_label=\u00a0\u00bbsection\u00a0\u00bb _builder_version=\u00a0\u00bb3.22&Prime;][et_pb_row admin_label=\u00a0\u00bbrow\u00a0\u00bb _builder_version=\u00a0\u00bb3.25&Prime; background_size=\u00a0\u00bbinitial\u00a0\u00bb background_position=\u00a0\u00bbtop_left\u00a0\u00bb background_repeat=\u00a0\u00bbrepeat\u00a0\u00bb][et_pb_column type=\u00a0\u00bb4_4&Prime; _builder_version=\u00a0\u00bb3.25&Prime; custom_padding=\u00a0\u00bb|||\u00a0\u00bb custom_padding__hover=\u00a0\u00bb|||\u00a0\u00bb][et_pb_text admin_label=\u00a0\u00bbCollaborations marketing pour les organismes publics et \u00e0 but non lucratif\u00a0\u00bb _builder_version=\u00a0\u00bb3.27.4&Prime; text_orientation=\u00a0\u00bbcenter\u00a0\u00bb module_alignment=\u00a0\u00bbcenter\u00a0\u00bb custom_margin=\u00a0\u00bb|25px||\u00a0\u00bb custom_padding=\u00a0\u00bb||30px|\u00a0\u00bb border_style=\u00a0\u00bbsolid\u00a0\u00bb saved_tabs=\u00a0\u00bball\u00a0\u00bb]<\/p>\n<h1 class=\"entry-title\"><span style=\"color: #305168;\">Collaborations marketing pour les organismes publics et \u00e0 but non lucratif<\/span><\/h1>\n<p>[\/et_pb_text][et_pb_text admin_label=\u00a0\u00bbCollaboration marketing pour promouvoir les programmes et les services du secteur public.\u00a0\u00bb _builder_version=\u00a0\u00bb4.0.9&Prime; text_text_color=\u00a0\u00bb#ffffff\u00a0\u00bb text_font_size=\u00a0\u00bb20&Prime; background_color=\u00a0\u00bb#ffffff\u00a0\u00bb custom_margin=\u00a0\u00bb||25px|\u00a0\u00bb custom_padding=\u00a0\u00bb15px|25px|15px|25px\u00a0\u00bb custom_css_main_element=\u00a0\u00bbborder-radius: 15px;\u00a0\u00bb border_style=\u00a0\u00bbsolid\u00a0\u00bb saved_tabs=\u00a0\u00bball\u00a0\u00bb]<\/p>\n<h2>Collaboration marketing pour promouvoir les programmes et les services du secteur public.<\/h2>\n<p>[\/et_pb_text][et_pb_text admin_label=\u00a0\u00bbLes organisations du secteur public\u00a0\u00bb _builder_version=\u00a0\u00bb3.27.4&Prime; custom_padding=\u00a0\u00bb|||25px\u00a0\u00bb border_style=\u00a0\u00bbsolid\u00a0\u00bb]<strong>Les organisations du secteur public<\/strong> sont confront\u00e9es \u00e0 des contraintes budg\u00e9taires et \u00e0 une capacit\u00e9 limit\u00e9e \u00e0 entreprendre toutes leurs activit\u00e9s de marketing et de communication afin de promouvoir efficacement leurs programmes et services aupr\u00e8s des publics cl\u00e9s.<\/p>\n<p>Les collaborations marketing sont un moyen innovant et rentable pour les organismes du secteur public de livrer leurs activit\u00e9s de marketing et de sensibilisation avec des partenaires afin d\u2019atteindre \u00a0des audiences sp\u00e9cifiques.<\/p>\n<p><strong>GreenCompete inc.<\/strong> aide les organisations du secteur public \u00e0 tirer parti de collaborations marketing pour promouvoir des programmes et des services aupr\u00e8s d&rsquo;entreprises partenaires cl\u00e9s, et pour d\u00e9velopper des activit\u00e9s et des produits de marketing et de communication afin d\u2019atteindre des publics cibl\u00e9s.<br \/>\n[\/et_pb_text][et_pb_divider _builder_version=\u00a0\u00bb4.0.9&Prime; custom_margin=\u00a0\u00bb|10px||10px|false|false\u00a0\u00bb custom_padding=\u00a0\u00bb30px||||false|false\u00a0\u00bb locked=\u00a0\u00bboff\u00a0\u00bb][\/et_pb_divider][et_pb_text admin_label=\u00a0\u00bbCollaborations marketing pour \u00e9largir le soutien aux programmes et aux activit\u00e9s du secteur \u00e0 but non lucratif.\u00a0\u00bb _builder_version=\u00a0\u00bb4.0.9&Prime; text_text_color=\u00a0\u00bb#ffffff\u00a0\u00bb text_font_size=\u00a0\u00bb20&Prime; background_color=\u00a0\u00bb#ffffff\u00a0\u00bb custom_margin=\u00a0\u00bb25px||25px|\u00a0\u00bb custom_padding=\u00a0\u00bb15px|25px|15px|25px\u00a0\u00bb custom_css_main_element=\u00a0\u00bbborder-radius: 15px;\u00a0\u00bb border_style=\u00a0\u00bbsolid\u00a0\u00bb saved_tabs=\u00a0\u00bball\u00a0\u00bb]<\/p>\n<h2>Collaborations marketing pour \u00e9largir le soutien aux programmes et aux activit\u00e9s du secteur \u00e0 but non lucratif.<\/h2>\n<p>[\/et_pb_text][et_pb_text admin_label=\u00a0\u00bbLes organisations \u00e0 but non lucratif\u00a0\u00bb _builder_version=\u00a0\u00bb3.27.4&Prime; custom_padding=\u00a0\u00bb15px||25px|25px\u00a0\u00bb border_style=\u00a0\u00bbsolid\u00a0\u00bb]<strong>Les organisations \u00e0 but non lucratif<\/strong>, y compris les associations industrielles, les associations professionnelles, les groupes de r\u00e9flexion, et les centres de recherche, ont des ressources financi\u00e8res et des capacit\u00e9s de marketing limit\u00e9es pour entreprendre leurs programmes et activit\u00e9s.<\/p>\n<p>Les collaborations marketing sont un excellent moyen pour les organismes \u00e0 but non lucratif d&rsquo;\u00e9largir leur soutien \u00e0 leurs programmes et d&rsquo;augmenter leurs revenus.<\/p>\n<p><strong>GreenCompete inc.<\/strong> aide les organisations \u00e0 but non lucratif \u00e0 d\u00e9velopper des collaborations avec des organismes publics et priv\u00e9s qui partagent des valeurs et des objectifs similaires afin de soutenir leurs programmes et leurs activit\u00e9s, d\u2019augmenter leur client\u00e8le et d\u2019accro\u00eetre leurs revenus.<br \/>\n[\/et_pb_text][et_pb_divider _builder_version=\u00a0\u00bb4.0.9&Prime; custom_margin=\u00a0\u00bb|10px||10px|false|false\u00a0\u00bb custom_padding=\u00a0\u00bb30px||||false|false\u00a0\u00bb locked=\u00a0\u00bboff\u00a0\u00bb][\/et_pb_divider][et_pb_text admin_label=\u00a0\u00bbCollaborations pour atteindre les objectifs de marketing et de d\u00e9veloppement commercial\u00a0\u00bb _builder_version=\u00a0\u00bb3.27.4&Prime; custom_padding=\u00a0\u00bb15px||25px|25px\u00a0\u00bb border_style=\u00a0\u00bbsolid\u00a0\u00bb]<\/p>\n<h2>Collaborations pour atteindre les objectifs de marketing et de d\u00e9veloppement commercial<\/h2>\n<table width=\"740\">\n<tbody>\n<tr>\n<td width=\"312\">\n<ul>\n<li>Promouvoir vos programmes, vos services et vos produits<\/li>\n<li>Cr\u00e9er une masse critique<\/li>\n<li>R\u00e9duire vos co\u00fbts de marketing<\/li>\n<li>Renforcer la marque de commerce<\/li>\n<li>D\u00e9velopper davantage votre commerce et augmenter vos revenus<\/li>\n<li>Acc\u00e9der \u00e0 de nouveaux clients et segments de march\u00e9<\/li>\n<li>Saisir les nouvelles opportunit\u00e9s de march\u00e9<\/li>\n<\/ul>\n<\/td>\n<td width=\"312\">\n<ul>\n<li>Stimuler l&rsquo;innovation<\/li>\n<li>Am\u00e9liorer votre comp\u00e9titivit\u00e9<\/li>\n<li>Commercialiser et distribuer des produits et des services aux publics cibles<\/li>\n<li>Augmenter la fid\u00e9lisation de votre client\u00e8le<\/li>\n<li>Am\u00e9liorer la responsabilit\u00e9 de votre entreprise et sa durabilit\u00e9<\/li>\n<\/ul>\n<\/td>\n<\/tr>\n<\/tbody>\n<\/table>\n<p>[\/et_pb_text][\/et_pb_column][\/et_pb_row][et_pb_row column_structure=\u00a0\u00bb1_2,1_2&Prime; _builder_version=\u00a0\u00bb4.0.9&Prime;][et_pb_column type=\u00a0\u00bb1_2&Prime; _builder_version=\u00a0\u00bb4.0.9&Prime;][et_pb_text admin_label=\u00a0\u00bbLes types de collaborations avec lesquelles nous pouvons vous aider comprennent.\u00a0\u00bb _builder_version=\u00a0\u00bb4.0.9&Prime; custom_padding=\u00a0\u00bb15px||25px|25px\u00a0\u00bb hover_enabled=\u00a0\u00bb0&Prime; border_style=\u00a0\u00bbsolid\u00a0\u00bb]<\/p>\n<h2>Les types de collaborations avec lesquelles nous pouvons vous aider comprennent :<\/h2>\n<ul>\n<li>Co-marketing et promotion<\/li>\n<li>Canaux de distribution<\/li>\n<li>Marquage coop\u00e9ratif<\/li>\n<li>Pr\u00e9sentation d\u2019offres communes<\/li>\n<li>Gestion des relations clients<\/li>\n<li>Promotion sur m\u00e9dias divers<\/li>\n<li>Collaboration de ventes<\/li>\n<li>Concession de licence<\/li>\n<li>Relations fournisseurs-clients<\/li>\n<li>Commandite<\/li>\n<li>Marketing vert<\/li>\n<li>Alliances durables<\/li>\n<\/ul>\n<p>[\/et_pb_text][\/et_pb_column][et_pb_column type=\u00a0\u00bb1_2&Prime; _builder_version=\u00a0\u00bb4.0.9&Prime;][et_pb_text admin_label=\u00a0\u00bbLes collaborations intersectorielles avec lesquelles nous pouvons vous aider comprennent\u00a0\u00bb _builder_version=\u00a0\u00bb3.27.4&Prime; custom_padding=\u00a0\u00bb15px||25px|25px\u00a0\u00bb border_style=\u00a0\u00bbsolid\u00a0\u00bb]<\/p>\n<h2>Les collaborations intersectorielles avec lesquelles nous pouvons vous aider comprennent :<\/h2>\n<ul>\n<li>Public &lt;-&gt; Organisme sans but lucratif<\/li>\n<li>Public &lt;-&gt; Priv\u00e9<\/li>\n<li>Organisme sans but lucratif &lt;-&gt; Entreprise<\/li>\n<li>Entreprise &lt;-&gt; Entreprise<\/li>\n<li>Entreprise &lt;-&gt; Client<\/li>\n<\/ul>\n<p>[\/et_pb_text][\/et_pb_column][\/et_pb_row][\/et_pb_section]<\/p>\n","protected":false},"excerpt":{"rendered":"<p>Collaborations marketing pour les organismes publics et \u00e0 but non lucratif Collaboration marketing pour promouvoir les programmes et les services du secteur public. Les organisations du secteur public sont confront\u00e9es \u00e0 des contraintes budg\u00e9taires et \u00e0 une capacit\u00e9 limit\u00e9e \u00e0 entreprendre toutes leurs activit\u00e9s de marketing et de communication afin de promouvoir efficacement leurs programmes [&hellip;]<\/p>\n","protected":false},"author":2,"featured_media":0,"parent":754,"menu_order":0,"comment_status":"closed","ping_status":"closed","template":"","meta":{"_et_pb_use_builder":"on","_et_pb_old_content":"","_et_gb_content_width":"","footnotes":""},"class_list":["post-778","page","type-page","status-publish","hentry"],"yoast_head":"<!-- This site is optimized with the Yoast SEO plugin v27.4 - https:\/\/yoast.com\/product\/yoast-seo-wordpress\/ -->\n<title>Collaborations marketing pour les organismes publics et \u00e0 but non lucratif - GreenCompete<\/title>\n<meta name=\"robots\" content=\"index, follow, max-snippet:-1, max-image-preview:large, max-video-preview:-1\" \/>\n<link rel=\"canonical\" href=\"https:\/\/greencompete.com\/fr\/services\/developpement-de-partenariats\/collaborations-marketing-pour-les-organismes-publics-et-non-lucratif\/\" \/>\n<meta property=\"og:locale\" content=\"fr_FR\" \/>\n<meta property=\"og:type\" content=\"article\" \/>\n<meta property=\"og:title\" content=\"Collaborations marketing pour les organismes publics et \u00e0 but non lucratif - GreenCompete\" \/>\n<meta property=\"og:description\" content=\"Collaborations marketing pour les organismes publics et \u00e0 but non lucratif Collaboration marketing pour promouvoir les programmes et les services du secteur public. Les organisations du secteur public sont confront\u00e9es \u00e0 des contraintes budg\u00e9taires et \u00e0 une capacit\u00e9 limit\u00e9e \u00e0 entreprendre toutes leurs activit\u00e9s de marketing et de communication afin de promouvoir efficacement leurs programmes [&hellip;]\" \/>\n<meta property=\"og:url\" content=\"https:\/\/greencompete.com\/fr\/services\/developpement-de-partenariats\/collaborations-marketing-pour-les-organismes-publics-et-non-lucratif\/\" \/>\n<meta property=\"og:site_name\" content=\"GreenCompete\" \/>\n<meta property=\"article:modified_time\" content=\"2019-12-19T02:19:17+00:00\" \/>\n<meta name=\"twitter:card\" content=\"summary_large_image\" \/>\n<meta name=\"twitter:label1\" content=\"Dur\u00e9e de lecture estim\u00e9e\" \/>\n\t<meta name=\"twitter:data1\" content=\"5 minutes\" \/>\n<script type=\"application\/ld+json\" class=\"yoast-schema-graph\">{\"@context\":\"https:\\\/\\\/schema.org\",\"@graph\":[{\"@type\":\"WebPage\",\"@id\":\"https:\\\/\\\/greencompete.com\\\/fr\\\/services\\\/developpement-de-partenariats\\\/collaborations-marketing-pour-les-organismes-publics-et-non-lucratif\\\/\",\"url\":\"https:\\\/\\\/greencompete.com\\\/fr\\\/services\\\/developpement-de-partenariats\\\/collaborations-marketing-pour-les-organismes-publics-et-non-lucratif\\\/\",\"name\":\"Collaborations marketing pour les organismes publics et \u00e0 but non lucratif - GreenCompete\",\"isPartOf\":{\"@id\":\"https:\\\/\\\/greencompete.com\\\/#website\"},\"datePublished\":\"2017-08-10T00:59:17+00:00\",\"dateModified\":\"2019-12-19T02:19:17+00:00\",\"breadcrumb\":{\"@id\":\"https:\\\/\\\/greencompete.com\\\/fr\\\/services\\\/developpement-de-partenariats\\\/collaborations-marketing-pour-les-organismes-publics-et-non-lucratif\\\/#breadcrumb\"},\"inLanguage\":\"fr-FR\",\"potentialAction\":[{\"@type\":\"ReadAction\",\"target\":[\"https:\\\/\\\/greencompete.com\\\/fr\\\/services\\\/developpement-de-partenariats\\\/collaborations-marketing-pour-les-organismes-publics-et-non-lucratif\\\/\"]}]},{\"@type\":\"BreadcrumbList\",\"@id\":\"https:\\\/\\\/greencompete.com\\\/fr\\\/services\\\/developpement-de-partenariats\\\/collaborations-marketing-pour-les-organismes-publics-et-non-lucratif\\\/#breadcrumb\",\"itemListElement\":[{\"@type\":\"ListItem\",\"position\":1,\"name\":\"Home\",\"item\":\"https:\\\/\\\/greencompete.com\\\/fr\\\/\"},{\"@type\":\"ListItem\",\"position\":2,\"name\":\"Services\",\"item\":\"https:\\\/\\\/greencompete.com\\\/fr\\\/services\\\/\"},{\"@type\":\"ListItem\",\"position\":3,\"name\":\"D\u00e9veloppement de partenariats\",\"item\":\"https:\\\/\\\/greencompete.com\\\/fr\\\/services\\\/developpement-de-partenariats\\\/\"},{\"@type\":\"ListItem\",\"position\":4,\"name\":\"Collaborations marketing pour les organismes publics et \u00e0 but non lucratif\"}]},{\"@type\":\"WebSite\",\"@id\":\"https:\\\/\\\/greencompete.com\\\/#website\",\"url\":\"https:\\\/\\\/greencompete.com\\\/\",\"name\":\"GreenCompete\",\"description\":\"Helping you grow and compete\",\"potentialAction\":[{\"@type\":\"SearchAction\",\"target\":{\"@type\":\"EntryPoint\",\"urlTemplate\":\"https:\\\/\\\/greencompete.com\\\/?s={search_term_string}\"},\"query-input\":{\"@type\":\"PropertyValueSpecification\",\"valueRequired\":true,\"valueName\":\"search_term_string\"}}],\"inLanguage\":\"fr-FR\"}]}<\/script>\n<!-- \/ Yoast SEO plugin. -->","yoast_head_json":{"title":"Collaborations marketing pour les organismes publics et \u00e0 but non lucratif - GreenCompete","robots":{"index":"index","follow":"follow","max-snippet":"max-snippet:-1","max-image-preview":"max-image-preview:large","max-video-preview":"max-video-preview:-1"},"canonical":"https:\/\/greencompete.com\/fr\/services\/developpement-de-partenariats\/collaborations-marketing-pour-les-organismes-publics-et-non-lucratif\/","og_locale":"fr_FR","og_type":"article","og_title":"Collaborations marketing pour les organismes publics et \u00e0 but non lucratif - GreenCompete","og_description":"Collaborations marketing pour les organismes publics et \u00e0 but non lucratif Collaboration marketing pour promouvoir les programmes et les services du secteur public. Les organisations du secteur public sont confront\u00e9es \u00e0 des contraintes budg\u00e9taires et \u00e0 une capacit\u00e9 limit\u00e9e \u00e0 entreprendre toutes leurs activit\u00e9s de marketing et de communication afin de promouvoir efficacement leurs programmes [&hellip;]","og_url":"https:\/\/greencompete.com\/fr\/services\/developpement-de-partenariats\/collaborations-marketing-pour-les-organismes-publics-et-non-lucratif\/","og_site_name":"GreenCompete","article_modified_time":"2019-12-19T02:19:17+00:00","twitter_card":"summary_large_image","twitter_misc":{"Dur\u00e9e de lecture estim\u00e9e":"5 minutes"},"schema":{"@context":"https:\/\/schema.org","@graph":[{"@type":"WebPage","@id":"https:\/\/greencompete.com\/fr\/services\/developpement-de-partenariats\/collaborations-marketing-pour-les-organismes-publics-et-non-lucratif\/","url":"https:\/\/greencompete.com\/fr\/services\/developpement-de-partenariats\/collaborations-marketing-pour-les-organismes-publics-et-non-lucratif\/","name":"Collaborations marketing pour les organismes publics et \u00e0 but non lucratif - GreenCompete","isPartOf":{"@id":"https:\/\/greencompete.com\/#website"},"datePublished":"2017-08-10T00:59:17+00:00","dateModified":"2019-12-19T02:19:17+00:00","breadcrumb":{"@id":"https:\/\/greencompete.com\/fr\/services\/developpement-de-partenariats\/collaborations-marketing-pour-les-organismes-publics-et-non-lucratif\/#breadcrumb"},"inLanguage":"fr-FR","potentialAction":[{"@type":"ReadAction","target":["https:\/\/greencompete.com\/fr\/services\/developpement-de-partenariats\/collaborations-marketing-pour-les-organismes-publics-et-non-lucratif\/"]}]},{"@type":"BreadcrumbList","@id":"https:\/\/greencompete.com\/fr\/services\/developpement-de-partenariats\/collaborations-marketing-pour-les-organismes-publics-et-non-lucratif\/#breadcrumb","itemListElement":[{"@type":"ListItem","position":1,"name":"Home","item":"https:\/\/greencompete.com\/fr\/"},{"@type":"ListItem","position":2,"name":"Services","item":"https:\/\/greencompete.com\/fr\/services\/"},{"@type":"ListItem","position":3,"name":"D\u00e9veloppement de partenariats","item":"https:\/\/greencompete.com\/fr\/services\/developpement-de-partenariats\/"},{"@type":"ListItem","position":4,"name":"Collaborations marketing pour les organismes publics et \u00e0 but non lucratif"}]},{"@type":"WebSite","@id":"https:\/\/greencompete.com\/#website","url":"https:\/\/greencompete.com\/","name":"GreenCompete","description":"Helping you grow and compete","potentialAction":[{"@type":"SearchAction","target":{"@type":"EntryPoint","urlTemplate":"https:\/\/greencompete.com\/?s={search_term_string}"},"query-input":{"@type":"PropertyValueSpecification","valueRequired":true,"valueName":"search_term_string"}}],"inLanguage":"fr-FR"}]}},"_links":{"self":[{"href":"https:\/\/greencompete.com\/fr\/wp-json\/wp\/v2\/pages\/778","targetHints":{"allow":["GET"]}}],"collection":[{"href":"https:\/\/greencompete.com\/fr\/wp-json\/wp\/v2\/pages"}],"about":[{"href":"https:\/\/greencompete.com\/fr\/wp-json\/wp\/v2\/types\/page"}],"author":[{"embeddable":true,"href":"https:\/\/greencompete.com\/fr\/wp-json\/wp\/v2\/users\/2"}],"replies":[{"embeddable":true,"href":"https:\/\/greencompete.com\/fr\/wp-json\/wp\/v2\/comments?post=778"}],"version-history":[{"count":5,"href":"https:\/\/greencompete.com\/fr\/wp-json\/wp\/v2\/pages\/778\/revisions"}],"predecessor-version":[{"id":1393,"href":"https:\/\/greencompete.com\/fr\/wp-json\/wp\/v2\/pages\/778\/revisions\/1393"}],"up":[{"embeddable":true,"href":"https:\/\/greencompete.com\/fr\/wp-json\/wp\/v2\/pages\/754"}],"wp:attachment":[{"href":"https:\/\/greencompete.com\/fr\/wp-json\/wp\/v2\/media?parent=778"}],"curies":[{"name":"wp","href":"https:\/\/api.w.org\/{rel}","templated":true}]}}