{"id":752,"date":"2017-08-09T19:43:35","date_gmt":"2017-08-09T23:43:35","guid":{"rendered":"http:\/\/greencompete.com\/?page_id=752\/"},"modified":"2019-12-18T22:09:31","modified_gmt":"2019-12-19T02:09:31","slug":"marketing-et-developpement-commercial","status":"publish","type":"page","link":"https:\/\/greencompete.com\/fr\/services\/marketing-et-developpement-commercial\/","title":{"rendered":"Marketing et d\u00e9veloppement commercial"},"content":{"rendered":"<p>[et_pb_section fb_built=\u00a0\u00bb1&Prime; _builder_version=\u00a0\u00bb3.22&Prime; background_image=\u00a0\u00bbhttp:\/\/greencompete.com\/wp-content\/uploads\/man-presentation-charts.jpg\u00a0\u00bb transparent_background=\u00a0\u00bboff\u00a0\u00bb make_fullwidth=\u00a0\u00bboff\u00a0\u00bb use_custom_width=\u00a0\u00bboff\u00a0\u00bb width_unit=\u00a0\u00bbon\u00a0\u00bb][et_pb_row _builder_version=\u00a0\u00bb3.25&Prime; background_size=\u00a0\u00bbinitial\u00a0\u00bb background_position=\u00a0\u00bbtop_left\u00a0\u00bb background_repeat=\u00a0\u00bbrepeat\u00a0\u00bb custom_padding=\u00a0\u00bb5%||5%|\u00a0\u00bb make_fullwidth=\u00a0\u00bboff\u00a0\u00bb use_custom_width=\u00a0\u00bboff\u00a0\u00bb width_unit=\u00a0\u00bbon\u00a0\u00bb][et_pb_column type=\u00a0\u00bb4_4&Prime; _builder_version=\u00a0\u00bb3.25&Prime; custom_padding=\u00a0\u00bb|||\u00a0\u00bb custom_padding__hover=\u00a0\u00bb|||\u00a0\u00bb][et_pb_divider show_divider=\u00a0\u00bboff\u00a0\u00bb disabled_on=\u00a0\u00bbon|on|off\u00a0\u00bb _builder_version=\u00a0\u00bb3.23.4&Prime; height=\u00a0\u00bb100px\u00a0\u00bb hide_on_mobile=\u00a0\u00bbon\u00a0\u00bb][\/et_pb_divider][\/et_pb_column][\/et_pb_row][\/et_pb_section][et_pb_section fb_built=\u00a0\u00bb1&Prime; admin_label=\u00a0\u00bbsection\u00a0\u00bb _builder_version=\u00a0\u00bb3.22&Prime; custom_padding=\u00a0\u00bb||0px|\u00a0\u00bb transparent_background=\u00a0\u00bboff\u00a0\u00bb make_fullwidth=\u00a0\u00bboff\u00a0\u00bb use_custom_width=\u00a0\u00bboff\u00a0\u00bb width_unit=\u00a0\u00bbon\u00a0\u00bb][et_pb_row admin_label=\u00a0\u00bbrow\u00a0\u00bb _builder_version=\u00a0\u00bb3.25&Prime; background_size=\u00a0\u00bbinitial\u00a0\u00bb background_position=\u00a0\u00bbtop_left\u00a0\u00bb background_repeat=\u00a0\u00bbrepeat\u00a0\u00bb custom_margin=\u00a0\u00bb||0px|\u00a0\u00bb custom_padding=\u00a0\u00bb0px||10px|\u00a0\u00bb make_fullwidth=\u00a0\u00bboff\u00a0\u00bb use_custom_width=\u00a0\u00bboff\u00a0\u00bb width_unit=\u00a0\u00bbon\u00a0\u00bb][et_pb_column type=\u00a0\u00bb4_4&Prime; _builder_version=\u00a0\u00bb3.25&Prime; custom_padding=\u00a0\u00bb|||\u00a0\u00bb custom_padding__hover=\u00a0\u00bb|||\u00a0\u00bb][et_pb_text admin_label=\u00a0\u00bbStrat\u00e9gies de marketing et de d\u00e9veloppement commercial pour vous aider \u00e0 d\u00e9velopper et \u00e0 acc\u00e9der \u00e0 de nouveaux march\u00e9s.\u00a0\u00bb _builder_version=\u00a0\u00bb3.27.4&Prime; text_text_color=\u00a0\u00bb#4178a3&Prime; text_orientation=\u00a0\u00bbcenter\u00a0\u00bb module_alignment=\u00a0\u00bbcenter\u00a0\u00bb custom_margin=\u00a0\u00bb|100px||100px\u00a0\u00bb custom_margin_tablet=\u00a0\u00bb\u00a0\u00bb custom_margin_phone=\u00a0\u00bb|0px||0px\u00a0\u00bb custom_margin_last_edited=\u00a0\u00bbon|phone\u00a0\u00bb custom_padding=\u00a0\u00bb||10px|\u00a0\u00bb border_style=\u00a0\u00bbsolid\u00a0\u00bb saved_tabs=\u00a0\u00bball\u00a0\u00bb]<\/p>\n<h1><span style=\"color: #305168;\">Strat\u00e9gies de marketing et de d\u00e9veloppement commercial pour vous aider \u00e0 d\u00e9velopper et \u00e0 acc\u00e9der \u00e0 de nouveaux march\u00e9s.<\/span><\/h1>\n<p>[\/et_pb_text][et_pb_divider color=\u00a0\u00bb#dadcdc\u00a0\u00bb divider_position=\u00a0\u00bbcenter\u00a0\u00bb divider_weight=\u00a0\u00bb5px\u00a0\u00bb _builder_version=\u00a0\u00bb3.23.4&Prime; height=\u00a0\u00bb10px\u00a0\u00bb custom_css_main_element=\u00a0\u00bbmargin: 0 auto;\u00a0\u00bb hide_on_mobile=\u00a0\u00bboff\u00a0\u00bb][\/et_pb_divider][et_pb_text admin_label=\u00a0\u00bbNos services\u00a0\u00bb _builder_version=\u00a0\u00bb3.27.4&Prime; text_text_color=\u00a0\u00bb#000000&Prime; text_font_size=\u00a0\u00bb31&Prime; custom_margin=\u00a0\u00bb20px||0px|\u00a0\u00bb custom_padding=\u00a0\u00bb0px||0px|25px\u00a0\u00bb text_font_size_tablet=\u00a0\u00bb21&Prime; text_font_size_phone=\u00a0\u00bb\u00a0\u00bb text_font_size_last_edited=\u00a0\u00bbon|tablet\u00a0\u00bb border_style=\u00a0\u00bbsolid\u00a0\u00bb]Nos services<br \/>\n[\/et_pb_text][\/et_pb_column][\/et_pb_row][\/et_pb_section][et_pb_section fb_built=\u00a0\u00bb1&Prime; admin_label=\u00a0\u00bbsection\u00a0\u00bb _builder_version=\u00a0\u00bb3.22&Prime; custom_padding=\u00a0\u00bb0px|||\u00a0\u00bb transparent_background=\u00a0\u00bboff\u00a0\u00bb make_fullwidth=\u00a0\u00bboff\u00a0\u00bb use_custom_width=\u00a0\u00bboff\u00a0\u00bb width_unit=\u00a0\u00bbon\u00a0\u00bb][et_pb_row admin_label=\u00a0\u00bbrow\u00a0\u00bb _builder_version=\u00a0\u00bb3.25&Prime; background_size=\u00a0\u00bbinitial\u00a0\u00bb background_position=\u00a0\u00bbtop_left\u00a0\u00bb background_repeat=\u00a0\u00bbrepeat\u00a0\u00bb custom_padding=\u00a0\u00bb10px|||\u00a0\u00bb make_fullwidth=\u00a0\u00bboff\u00a0\u00bb use_custom_width=\u00a0\u00bboff\u00a0\u00bb width_unit=\u00a0\u00bbon\u00a0\u00bb][et_pb_column type=\u00a0\u00bb4_4&Prime; _builder_version=\u00a0\u00bb3.25&Prime; custom_padding=\u00a0\u00bb|||\u00a0\u00bb custom_padding__hover=\u00a0\u00bb|||\u00a0\u00bb][et_pb_text admin_label=\u00a0\u00bbMarketing et d\u00e9veloppement commercial\u00a0\u00bb _builder_version=\u00a0\u00bb4.0.9&Prime; text_text_color=\u00a0\u00bb#305168&Prime; text_font_size=\u00a0\u00bb26&Prime; custom_margin=\u00a0\u00bb0px||0px|\u00a0\u00bb custom_padding=\u00a0\u00bb10px||20px|25px\u00a0\u00bb text_font_size_tablet=\u00a0\u00bb21&Prime; text_font_size_phone=\u00a0\u00bb\u00a0\u00bb text_font_size_last_edited=\u00a0\u00bbon|tablet\u00a0\u00bb custom_css_main_element=\u00a0\u00bbborder-radius: 15px;\u00a0\u00bb border_style=\u00a0\u00bbsolid\u00a0\u00bb saved_tabs=\u00a0\u00bball\u00a0\u00bb]<span style=\"color: #2BA0C5;\">Marketing et d\u00e9veloppement commercial<\/span>[\/et_pb_text][et_pb_text admin_label=\u00a0\u00bbNos services\u00a0\u00bb _builder_version=\u00a0\u00bb4.0.9&Prime; custom_padding=\u00a0\u00bb|||25px\u00a0\u00bb border_style=\u00a0\u00bbsolid\u00a0\u00bb]Nous offrons aux organisations des strat\u00e9gies et des opportunit\u00e9s qui les aident \u00e0 accro\u00eetre leurs revenus, tout en am\u00e9liorant leur comp\u00e9titivit\u00e9.<\/p>\n<p>Nous d\u00e9veloppons ou renfor\u00e7ons votre position concurrentielle sur le march\u00e9, \u00e0 l&rsquo;aide d&rsquo;une vari\u00e9t\u00e9 de strat\u00e9gies de marketing. Nous vous aidons \u00e0 commercialiser efficacement vos produits et services, tout en vous aidant \u00e0 \u00e9tablir des relations fructueuses avec vos parties prenantes et vos clients.<\/p>\n<p>Nous offrons \u00e9galement des strat\u00e9gies novatrices et comp\u00e9titives dans le domaine du marketing vert aux organisations qui d\u00e9sirent \u00eatre plus responsables et durables au niveau de l&rsquo;environnement.<br \/>\n[\/et_pb_text][\/et_pb_column][\/et_pb_row][et_pb_row column_structure=\u00a0\u00bb1_3,1_3,1_3&Prime; _builder_version=\u00a0\u00bb4.0.9&Prime;][et_pb_column type=\u00a0\u00bb1_3&Prime; _builder_version=\u00a0\u00bb4.0.9&Prime;][et_pb_text admin_label=\u00a0\u00bbPlanification marketing\u00a0\u00bb _builder_version=\u00a0\u00bb4.0.9&Prime; custom_padding=\u00a0\u00bb15px|||25px\u00a0\u00bb border_style=\u00a0\u00bbsolid\u00a0\u00bb]<\/p>\n<h2><span style=\"color: #2BA0C5;\">Planification marketing<\/span><\/h2>\n<ul>\n<li>Plan de marketing<\/li>\n<li>\u00c9tude de march\u00e9 et analyse de l&rsquo;industrie<\/li>\n<li>Opportunit\u00e9s dans diff\u00e9rents march\u00e9s<\/li>\n<li>Strat\u00e9gies de marketing<\/li>\n<\/ul>\n<p>[\/et_pb_text][\/et_pb_column][et_pb_column type=\u00a0\u00bb1_3&Prime; _builder_version=\u00a0\u00bb4.0.9&Prime;][et_pb_text admin_label=\u00a0\u00bbTactiques de marketing\u00a0\u00bb _builder_version=\u00a0\u00bb4.0.9&Prime; custom_padding=\u00a0\u00bb15px|||25px\u00a0\u00bb border_style=\u00a0\u00bbsolid\u00a0\u00bb]<\/p>\n<h2><span style=\"color: #2BA0C5;\">Tactiques de marketing<\/span><\/h2>\n<ul>\n<li>Circuits de marketing et de vente<\/li>\n<li>Marketing et publicit\u00e9 coop\u00e9ratifs<\/li>\n<li>Marque de commerce, tarification, publicit\u00e9 et promotion des produits et services<\/li>\n<li>Marketing vert<\/li>\n<\/ul>\n<p>[\/et_pb_text][\/et_pb_column][et_pb_column type=\u00a0\u00bb1_3&Prime; _builder_version=\u00a0\u00bb4.0.9&Prime;][et_pb_text admin_label=\u00a0\u00bbRelations avec les parties prenantes et les clients\u00a0\u00bb _builder_version=\u00a0\u00bb4.0.9&Prime; custom_padding=\u00a0\u00bb15px|||25px\u00a0\u00bb border_style=\u00a0\u00bbsolid\u00a0\u00bb]<\/p>\n<h2><span style=\"color: #2BA0C5;\">Relations avec les parties prenantes et les clients<\/span><\/h2>\n<ul>\n<li>Gestion des relations clients<\/li>\n<li>Analyse des parties prenantes<\/li>\n<li>Responsabilit\u00e9 sociale de l\u2019entreprise<\/li>\n<\/ul>\n<p>[\/et_pb_text][\/et_pb_column][\/et_pb_row][et_pb_row _builder_version=\u00a0\u00bb4.0.9&Prime;][et_pb_column type=\u00a0\u00bb4_4&Prime; _builder_version=\u00a0\u00bb4.0.9&Prime;][et_pb_text admin_label=\u00a0\u00bbAlliances marketing et circuits de vente\u00a0\u00bb _builder_version=\u00a0\u00bb4.0.9&Prime; custom_padding=\u00a0\u00bb15px|||25px\u00a0\u00bb hover_enabled=\u00a0\u00bb0&Prime; border_style=\u00a0\u00bbsolid\u00a0\u00bb]<\/p>\n<h2><span style=\"color: #2ba0c5;\">Alliances marketing et circuits de vente<\/span><\/h2>\n<p>Nos services en alliances marketing et circuits de vente permettent aux organisations de d\u00e9velopper et de g\u00e9rer leurs relations d&rsquo;affaires pour atteindre leurs objectifs de marketing et de vente.<\/p>\n<p>Nous vous aidons \u00e0 cr\u00e9er et \u00e0 g\u00e9rer des alliances et des circuits de vente afin de g\u00e9n\u00e9rer une forte augmentation de revenus et renforcer votre comp\u00e9titivit\u00e9.<\/p>\n<p>Les alliances et les circuits de vente peuvent vous permettre d\u2019acc\u00e9der \u00e0 de nouveaux march\u00e9s et clients, gr\u00e2ce \u00e0 des circuits de distribution au niveau national ou international. Ils peuvent vous aider \u00e0 promouvoir votre marque de commerce, augmenter la fid\u00e9lit\u00e9 de votre client\u00e8le, et r\u00e9duire vos co\u00fbts de marketing.<\/p>\n<p>En fonction de vos besoins et de vos objectifs, nous pouvons vous aider \u00e0 d\u00e9velopper des strat\u00e9gies de partenariat, \u00e0 s\u00e9lectionner des partenaires strat\u00e9giques, \u00e0 cr\u00e9er des programmes de partenariat, ainsi qu\u2019\u00e0 g\u00e9rer vos partenariats pour qu\u2019ils soient performants.<\/p>\n<p>Nous poss\u00e9dons une expertise dans les accords de coop\u00e9ration marketing suivants :<\/p>\n<ul>\n<li>Co-marketing<\/li>\n<li>D\u00e9veloppement de produits conjoints ou co-marquage<\/li>\n<li>Communication conjointe ou co-publicit\u00e9<\/li>\n<li>Mesures de ventes conjointes ou co-promotion<\/li>\n<li>M\u00e9dia divers<\/li>\n<li>Groupement de produits<\/li>\n<li>Commandite<\/li>\n<li>Placement de produits<\/li>\n<li>Partenariats de vente<\/li>\n<li>Concession de licence<\/li>\n<\/ul>\n<p>[\/et_pb_text][\/et_pb_column][\/et_pb_row][\/et_pb_section]<\/p>\n","protected":false},"excerpt":{"rendered":"<p>Strat\u00e9gies de marketing et de d\u00e9veloppement commercial pour vous aider \u00e0 d\u00e9velopper et \u00e0 acc\u00e9der \u00e0 de nouveaux march\u00e9s. Nos services Marketing et d\u00e9veloppement commercialNous offrons aux organisations des strat\u00e9gies et des opportunit\u00e9s qui les aident \u00e0 accro\u00eetre leurs revenus, tout en am\u00e9liorant leur comp\u00e9titivit\u00e9. Nous d\u00e9veloppons ou renfor\u00e7ons votre position concurrentielle sur le march\u00e9, [&hellip;]<\/p>\n","protected":false},"author":2,"featured_media":0,"parent":742,"menu_order":0,"comment_status":"closed","ping_status":"closed","template":"","meta":{"_et_pb_use_builder":"on","_et_pb_old_content":"","_et_gb_content_width":"","footnotes":""},"class_list":["post-752","page","type-page","status-publish","hentry"],"yoast_head":"<!-- This site is optimized with the Yoast SEO plugin v27.4 - https:\/\/yoast.com\/product\/yoast-seo-wordpress\/ -->\n<title>Marketing et d\u00e9veloppement commercial - GreenCompete<\/title>\n<meta name=\"robots\" content=\"index, follow, max-snippet:-1, max-image-preview:large, max-video-preview:-1\" \/>\n<link rel=\"canonical\" href=\"https:\/\/greencompete.com\/fr\/services\/marketing-et-developpement-commercial\/\" \/>\n<meta property=\"og:locale\" content=\"fr_FR\" \/>\n<meta property=\"og:type\" content=\"article\" \/>\n<meta property=\"og:title\" content=\"Marketing et d\u00e9veloppement commercial - GreenCompete\" \/>\n<meta property=\"og:description\" content=\"Strat\u00e9gies de marketing et de d\u00e9veloppement commercial pour vous aider \u00e0 d\u00e9velopper et \u00e0 acc\u00e9der \u00e0 de nouveaux march\u00e9s. Nos services Marketing et d\u00e9veloppement commercialNous offrons aux organisations des strat\u00e9gies et des opportunit\u00e9s qui les aident \u00e0 accro\u00eetre leurs revenus, tout en am\u00e9liorant leur comp\u00e9titivit\u00e9. Nous d\u00e9veloppons ou renfor\u00e7ons votre position concurrentielle sur le march\u00e9, [&hellip;]\" \/>\n<meta property=\"og:url\" content=\"https:\/\/greencompete.com\/fr\/services\/marketing-et-developpement-commercial\/\" \/>\n<meta property=\"og:site_name\" content=\"GreenCompete\" \/>\n<meta property=\"article:modified_time\" content=\"2019-12-19T02:09:31+00:00\" \/>\n<meta name=\"twitter:card\" content=\"summary_large_image\" \/>\n<meta name=\"twitter:label1\" content=\"Dur\u00e9e de lecture estim\u00e9e\" \/>\n\t<meta name=\"twitter:data1\" content=\"5 minutes\" \/>\n<script type=\"application\/ld+json\" class=\"yoast-schema-graph\">{\"@context\":\"https:\\\/\\\/schema.org\",\"@graph\":[{\"@type\":\"WebPage\",\"@id\":\"https:\\\/\\\/greencompete.com\\\/fr\\\/services\\\/marketing-et-developpement-commercial\\\/\",\"url\":\"https:\\\/\\\/greencompete.com\\\/fr\\\/services\\\/marketing-et-developpement-commercial\\\/\",\"name\":\"Marketing et d\u00e9veloppement commercial - GreenCompete\",\"isPartOf\":{\"@id\":\"https:\\\/\\\/greencompete.com\\\/#website\"},\"datePublished\":\"2017-08-09T23:43:35+00:00\",\"dateModified\":\"2019-12-19T02:09:31+00:00\",\"breadcrumb\":{\"@id\":\"https:\\\/\\\/greencompete.com\\\/fr\\\/services\\\/marketing-et-developpement-commercial\\\/#breadcrumb\"},\"inLanguage\":\"fr-FR\",\"potentialAction\":[{\"@type\":\"ReadAction\",\"target\":[\"https:\\\/\\\/greencompete.com\\\/fr\\\/services\\\/marketing-et-developpement-commercial\\\/\"]}]},{\"@type\":\"BreadcrumbList\",\"@id\":\"https:\\\/\\\/greencompete.com\\\/fr\\\/services\\\/marketing-et-developpement-commercial\\\/#breadcrumb\",\"itemListElement\":[{\"@type\":\"ListItem\",\"position\":1,\"name\":\"Home\",\"item\":\"https:\\\/\\\/greencompete.com\\\/fr\\\/\"},{\"@type\":\"ListItem\",\"position\":2,\"name\":\"Services\",\"item\":\"https:\\\/\\\/greencompete.com\\\/fr\\\/services\\\/\"},{\"@type\":\"ListItem\",\"position\":3,\"name\":\"Marketing et d\u00e9veloppement commercial\"}]},{\"@type\":\"WebSite\",\"@id\":\"https:\\\/\\\/greencompete.com\\\/#website\",\"url\":\"https:\\\/\\\/greencompete.com\\\/\",\"name\":\"GreenCompete\",\"description\":\"Helping you grow and compete\",\"potentialAction\":[{\"@type\":\"SearchAction\",\"target\":{\"@type\":\"EntryPoint\",\"urlTemplate\":\"https:\\\/\\\/greencompete.com\\\/?s={search_term_string}\"},\"query-input\":{\"@type\":\"PropertyValueSpecification\",\"valueRequired\":true,\"valueName\":\"search_term_string\"}}],\"inLanguage\":\"fr-FR\"}]}<\/script>\n<!-- \/ Yoast SEO plugin. -->","yoast_head_json":{"title":"Marketing et d\u00e9veloppement commercial - GreenCompete","robots":{"index":"index","follow":"follow","max-snippet":"max-snippet:-1","max-image-preview":"max-image-preview:large","max-video-preview":"max-video-preview:-1"},"canonical":"https:\/\/greencompete.com\/fr\/services\/marketing-et-developpement-commercial\/","og_locale":"fr_FR","og_type":"article","og_title":"Marketing et d\u00e9veloppement commercial - GreenCompete","og_description":"Strat\u00e9gies de marketing et de d\u00e9veloppement commercial pour vous aider \u00e0 d\u00e9velopper et \u00e0 acc\u00e9der \u00e0 de nouveaux march\u00e9s. Nos services Marketing et d\u00e9veloppement commercialNous offrons aux organisations des strat\u00e9gies et des opportunit\u00e9s qui les aident \u00e0 accro\u00eetre leurs revenus, tout en am\u00e9liorant leur comp\u00e9titivit\u00e9. Nous d\u00e9veloppons ou renfor\u00e7ons votre position concurrentielle sur le march\u00e9, [&hellip;]","og_url":"https:\/\/greencompete.com\/fr\/services\/marketing-et-developpement-commercial\/","og_site_name":"GreenCompete","article_modified_time":"2019-12-19T02:09:31+00:00","twitter_card":"summary_large_image","twitter_misc":{"Dur\u00e9e de lecture estim\u00e9e":"5 minutes"},"schema":{"@context":"https:\/\/schema.org","@graph":[{"@type":"WebPage","@id":"https:\/\/greencompete.com\/fr\/services\/marketing-et-developpement-commercial\/","url":"https:\/\/greencompete.com\/fr\/services\/marketing-et-developpement-commercial\/","name":"Marketing et d\u00e9veloppement commercial - GreenCompete","isPartOf":{"@id":"https:\/\/greencompete.com\/#website"},"datePublished":"2017-08-09T23:43:35+00:00","dateModified":"2019-12-19T02:09:31+00:00","breadcrumb":{"@id":"https:\/\/greencompete.com\/fr\/services\/marketing-et-developpement-commercial\/#breadcrumb"},"inLanguage":"fr-FR","potentialAction":[{"@type":"ReadAction","target":["https:\/\/greencompete.com\/fr\/services\/marketing-et-developpement-commercial\/"]}]},{"@type":"BreadcrumbList","@id":"https:\/\/greencompete.com\/fr\/services\/marketing-et-developpement-commercial\/#breadcrumb","itemListElement":[{"@type":"ListItem","position":1,"name":"Home","item":"https:\/\/greencompete.com\/fr\/"},{"@type":"ListItem","position":2,"name":"Services","item":"https:\/\/greencompete.com\/fr\/services\/"},{"@type":"ListItem","position":3,"name":"Marketing et d\u00e9veloppement commercial"}]},{"@type":"WebSite","@id":"https:\/\/greencompete.com\/#website","url":"https:\/\/greencompete.com\/","name":"GreenCompete","description":"Helping you grow and compete","potentialAction":[{"@type":"SearchAction","target":{"@type":"EntryPoint","urlTemplate":"https:\/\/greencompete.com\/?s={search_term_string}"},"query-input":{"@type":"PropertyValueSpecification","valueRequired":true,"valueName":"search_term_string"}}],"inLanguage":"fr-FR"}]}},"_links":{"self":[{"href":"https:\/\/greencompete.com\/fr\/wp-json\/wp\/v2\/pages\/752","targetHints":{"allow":["GET"]}}],"collection":[{"href":"https:\/\/greencompete.com\/fr\/wp-json\/wp\/v2\/pages"}],"about":[{"href":"https:\/\/greencompete.com\/fr\/wp-json\/wp\/v2\/types\/page"}],"author":[{"embeddable":true,"href":"https:\/\/greencompete.com\/fr\/wp-json\/wp\/v2\/users\/2"}],"replies":[{"embeddable":true,"href":"https:\/\/greencompete.com\/fr\/wp-json\/wp\/v2\/comments?post=752"}],"version-history":[{"count":4,"href":"https:\/\/greencompete.com\/fr\/wp-json\/wp\/v2\/pages\/752\/revisions"}],"predecessor-version":[{"id":1386,"href":"https:\/\/greencompete.com\/fr\/wp-json\/wp\/v2\/pages\/752\/revisions\/1386"}],"up":[{"embeddable":true,"href":"https:\/\/greencompete.com\/fr\/wp-json\/wp\/v2\/pages\/742"}],"wp:attachment":[{"href":"https:\/\/greencompete.com\/fr\/wp-json\/wp\/v2\/media?parent=752"}],"curies":[{"name":"wp","href":"https:\/\/api.w.org\/{rel}","templated":true}]}}