{"id":750,"date":"2017-08-09T19:36:29","date_gmt":"2017-08-09T23:36:29","guid":{"rendered":"http:\/\/greencompete.com\/?page_id=750\/"},"modified":"2019-12-14T21:57:17","modified_gmt":"2019-12-15T01:57:17","slug":"strategie-concurrentielle","status":"publish","type":"page","link":"https:\/\/greencompete.com\/fr\/services\/strategie-concurrentielle\/","title":{"rendered":"Strat\u00e9gie concurrentielle"},"content":{"rendered":"<p>[et_pb_section fb_built=\u00a0\u00bb1&Prime; _builder_version=\u00a0\u00bb3.22&Prime; background_image=\u00a0\u00bbhttp:\/\/greencompete.com\/wp-content\/uploads\/woman-behind-graphic.jpg\u00a0\u00bb transparent_background=\u00a0\u00bboff\u00a0\u00bb make_fullwidth=\u00a0\u00bboff\u00a0\u00bb use_custom_width=\u00a0\u00bboff\u00a0\u00bb width_unit=\u00a0\u00bbon\u00a0\u00bb][et_pb_row _builder_version=\u00a0\u00bb3.25&Prime; background_size=\u00a0\u00bbinitial\u00a0\u00bb background_position=\u00a0\u00bbtop_left\u00a0\u00bb background_repeat=\u00a0\u00bbrepeat\u00a0\u00bb custom_padding=\u00a0\u00bb5%||5%|\u00a0\u00bb make_fullwidth=\u00a0\u00bboff\u00a0\u00bb use_custom_width=\u00a0\u00bboff\u00a0\u00bb width_unit=\u00a0\u00bbon\u00a0\u00bb][et_pb_column type=\u00a0\u00bb4_4&Prime; _builder_version=\u00a0\u00bb3.25&Prime; custom_padding=\u00a0\u00bb|||\u00a0\u00bb custom_padding__hover=\u00a0\u00bb|||\u00a0\u00bb][et_pb_divider show_divider=\u00a0\u00bboff\u00a0\u00bb disabled_on=\u00a0\u00bbon|on|off\u00a0\u00bb _builder_version=\u00a0\u00bb3.23.4&Prime; height=\u00a0\u00bb100px\u00a0\u00bb hide_on_mobile=\u00a0\u00bbon\u00a0\u00bb][\/et_pb_divider][\/et_pb_column][\/et_pb_row][\/et_pb_section][et_pb_section fb_built=\u00a0\u00bb1&Prime; admin_label=\u00a0\u00bbsection\u00a0\u00bb _builder_version=\u00a0\u00bb3.22&Prime; custom_padding=\u00a0\u00bb10px||0px|\u00a0\u00bb transparent_background=\u00a0\u00bboff\u00a0\u00bb make_fullwidth=\u00a0\u00bboff\u00a0\u00bb use_custom_width=\u00a0\u00bboff\u00a0\u00bb width_unit=\u00a0\u00bbon\u00a0\u00bb][et_pb_row admin_label=\u00a0\u00bbrow\u00a0\u00bb _builder_version=\u00a0\u00bb3.25&Prime; background_size=\u00a0\u00bbinitial\u00a0\u00bb background_position=\u00a0\u00bbtop_left\u00a0\u00bb background_repeat=\u00a0\u00bbrepeat\u00a0\u00bb custom_margin=\u00a0\u00bb||0px|\u00a0\u00bb custom_padding=\u00a0\u00bb20px||0px|\u00a0\u00bb make_fullwidth=\u00a0\u00bboff\u00a0\u00bb use_custom_width=\u00a0\u00bboff\u00a0\u00bb width_unit=\u00a0\u00bbon\u00a0\u00bb][et_pb_column type=\u00a0\u00bb4_4&Prime; _builder_version=\u00a0\u00bb3.25&Prime; custom_padding=\u00a0\u00bb|||\u00a0\u00bb custom_padding__hover=\u00a0\u00bb|||\u00a0\u00bb][et_pb_text admin_label=\u00a0\u00bbStrat\u00e9gies pour vous aider \u00e0 vous d\u00e9velopper et \u00e0 \u00eatre plus comp\u00e9titifs dans votre industrie et vos march\u00e9s.\u00a0\u00bb _builder_version=\u00a0\u00bb3.27.4&Prime; text_text_color=\u00a0\u00bb#4178a3&Prime; text_orientation=\u00a0\u00bbcenter\u00a0\u00bb module_alignment=\u00a0\u00bbcenter\u00a0\u00bb custom_margin=\u00a0\u00bb|100px||100px\u00a0\u00bb custom_margin_tablet=\u00a0\u00bb\u00a0\u00bb custom_margin_phone=\u00a0\u00bb|0px||0px\u00a0\u00bb custom_margin_last_edited=\u00a0\u00bbon|phone\u00a0\u00bb custom_padding=\u00a0\u00bb||10px|\u00a0\u00bb border_style=\u00a0\u00bbsolid\u00a0\u00bb saved_tabs=\u00a0\u00bball\u00a0\u00bb]<\/p>\n<h1><span style=\"color: #305168;\">Strat\u00e9gies pour vous aider \u00e0 vous d\u00e9velopper et \u00e0 \u00eatre plus comp\u00e9titifs dans votre industrie et vos march\u00e9s.<\/span><\/h1>\n<p>[\/et_pb_text][et_pb_divider color=\u00a0\u00bb#dadcdc\u00a0\u00bb divider_position=\u00a0\u00bbcenter\u00a0\u00bb divider_weight=\u00a0\u00bb5px\u00a0\u00bb _builder_version=\u00a0\u00bb3.23.4&Prime; height=\u00a0\u00bb10px\u00a0\u00bb custom_css_main_element=\u00a0\u00bbmargin: 0 auto;\u00a0\u00bb hide_on_mobile=\u00a0\u00bboff\u00a0\u00bb][\/et_pb_divider][et_pb_text admin_label=\u00a0\u00bbNos Services\u00a0\u00bb _builder_version=\u00a0\u00bb3.27.4&Prime; text_text_color=\u00a0\u00bb#305168&Prime; text_font_size=\u00a0\u00bb31&Prime; custom_margin=\u00a0\u00bb20px||0px|\u00a0\u00bb custom_padding=\u00a0\u00bb0px||10px|25px\u00a0\u00bb text_font_size_tablet=\u00a0\u00bb21&Prime; text_font_size_phone=\u00a0\u00bb\u00a0\u00bb text_font_size_last_edited=\u00a0\u00bbon|desktop\u00a0\u00bb border_style=\u00a0\u00bbsolid\u00a0\u00bb]<span style=\"color: #000000;\">Nos Services<\/span><br \/>\n[\/et_pb_text][\/et_pb_column][\/et_pb_row][\/et_pb_section][et_pb_section fb_built=\u00a0\u00bb1&Prime; admin_label=\u00a0\u00bbsection\u00a0\u00bb _builder_version=\u00a0\u00bb3.22&Prime; custom_padding=\u00a0\u00bb0px|||\u00a0\u00bb transparent_background=\u00a0\u00bboff\u00a0\u00bb make_fullwidth=\u00a0\u00bboff\u00a0\u00bb use_custom_width=\u00a0\u00bboff\u00a0\u00bb width_unit=\u00a0\u00bbon\u00a0\u00bb][et_pb_row admin_label=\u00a0\u00bbrow\u00a0\u00bb _builder_version=\u00a0\u00bb3.25&Prime; background_size=\u00a0\u00bbinitial\u00a0\u00bb background_position=\u00a0\u00bbtop_left\u00a0\u00bb background_repeat=\u00a0\u00bbrepeat\u00a0\u00bb custom_padding=\u00a0\u00bb0px|||\u00a0\u00bb make_fullwidth=\u00a0\u00bboff\u00a0\u00bb use_custom_width=\u00a0\u00bboff\u00a0\u00bb width_unit=\u00a0\u00bbon\u00a0\u00bb][et_pb_column type=\u00a0\u00bb4_4&Prime; _builder_version=\u00a0\u00bb3.25&Prime; custom_padding=\u00a0\u00bb|||\u00a0\u00bb custom_padding__hover=\u00a0\u00bb|||\u00a0\u00bb][et_pb_text admin_label=\u00a0\u00bbStrat\u00e9gie concurrentielle\u00a0\u00bb _builder_version=\u00a0\u00bb4.0.9&Prime; text_text_color=\u00a0\u00bb#FCEBEB\u00a0\u00bb text_font_size=\u00a0\u00bb30&Prime; custom_margin=\u00a0\u00bb20px||0px|\u00a0\u00bb custom_padding=\u00a0\u00bb0px||10px|25px\u00a0\u00bb hover_enabled=\u00a0\u00bb0&Prime; text_font_size_tablet=\u00a0\u00bb21&Prime; text_font_size_phone=\u00a0\u00bb\u00a0\u00bb text_font_size_last_edited=\u00a0\u00bbon|desktop\u00a0\u00bb border_style=\u00a0\u00bbsolid\u00a0\u00bb]<\/p>\n<h2><span style=\"color: #E02B1F;\">Strat\u00e9gie concurrentielle<\/span><\/h2>\n<p>[\/et_pb_text][et_pb_text admin_label=\u00a0\u00bbNous fournissons aux organisations des conseils et des strat\u00e9gies\u00a0\u00bb _builder_version=\u00a0\u00bb3.27.4&Prime; custom_padding=\u00a0\u00bb15px|||25px\u00a0\u00bb border_style=\u00a0\u00bbsolid\u00a0\u00bb]Nous fournissons aux organisations des conseils et des strat\u00e9gies pour les aider \u00e0 comp\u00e9titionner plus efficacement. Nous d\u00e9veloppons et revitalisons leurs plans strat\u00e9giques et leurs proc\u00e9d\u00e9s afin d\u2019am\u00e9liorer leur comp\u00e9titivit\u00e9 et leur croissance.<\/p>\n<p>Nous aidons \u00e9galement les organisations qui d\u00e9sirent \u00eatre respectueuses de l&rsquo;environnement et avoir un impact durable \u00e0 obtenir un avantage concurrentiel.<\/p>\n<p>Nous utilisons les derniers outils commerciaux en planification strat\u00e9gique et en strat\u00e9gies concurrentielles afin d\u2019apporter la meilleure valeur \u00e0 nos organisations clientes, y compris les services suivants :<br \/>\n[\/et_pb_text][\/et_pb_column][\/et_pb_row][et_pb_row column_structure=\u00a0\u00bb1_3,1_3,1_3&Prime; _builder_version=\u00a0\u00bb4.0.9&Prime;][et_pb_column type=\u00a0\u00bb1_3&Prime; _builder_version=\u00a0\u00bb4.0.9&Prime;][et_pb_text admin_label=\u00a0\u00bbAnalyse strat\u00e9gique\u00a0\u00bb _builder_version=\u00a0\u00bb4.0.9&Prime; custom_padding=\u00a0\u00bb15px|||25px\u00a0\u00bb hover_enabled=\u00a0\u00bb0&Prime; border_style=\u00a0\u00bbsolid\u00a0\u00bb]<\/p>\n<h2><span style=\"color: #E02B1F;\">Analyse strat\u00e9gique<\/span><\/h2>\n<ul>\n<li>Analyse de l&rsquo;industrie<\/li>\n<li>\u00c9tude de march\u00e9<\/li>\n<li>Analyse comp\u00e9titive<\/li>\n<li>Veille concurrentielle<\/li>\n<li>Analyse comparative<\/li>\n<\/ul>\n<p>[\/et_pb_text][\/et_pb_column][et_pb_column type=\u00a0\u00bb1_3&Prime; _builder_version=\u00a0\u00bb4.0.9&Prime;][et_pb_text admin_label=\u00a0\u00bbD\u00e9veloppement strat\u00e9gique\u00a0\u00bb _builder_version=\u00a0\u00bb4.0.9&Prime; custom_padding=\u00a0\u00bb15px||25px|25px\u00a0\u00bb hover_enabled=\u00a0\u00bb0&Prime; border_style=\u00a0\u00bbsolid\u00a0\u00bb]<\/p>\n<h2><span style=\"color: #E02B1F;\">D\u00e9veloppement strat\u00e9gique<\/span><\/h2>\n<ul>\n<li>Strat\u00e9gie de concurrence et de positionnement<\/li>\n<li>Tactique de croissance et d\u2019entr\u00e9e sur le march\u00e9<\/li>\n<li>Planification de sc\u00e9narios<\/li>\n<li>Strat\u00e9gie de commerce international<\/li>\n<\/ul>\n<p>[\/et_pb_text][\/et_pb_column][et_pb_column type=\u00a0\u00bb1_3&Prime; _builder_version=\u00a0\u00bb4.0.9&Prime;][\/et_pb_column][\/et_pb_row][\/et_pb_section]<\/p>\n","protected":false},"excerpt":{"rendered":"<p>Strat\u00e9gies pour vous aider \u00e0 vous d\u00e9velopper et \u00e0 \u00eatre plus comp\u00e9titifs dans votre industrie et vos march\u00e9s. Nos Services Strat\u00e9gie concurrentielle Nous fournissons aux organisations des conseils et des strat\u00e9gies pour les aider \u00e0 comp\u00e9titionner plus efficacement. Nous d\u00e9veloppons et revitalisons leurs plans strat\u00e9giques et leurs proc\u00e9d\u00e9s afin d\u2019am\u00e9liorer leur comp\u00e9titivit\u00e9 et leur croissance. [&hellip;]<\/p>\n","protected":false},"author":2,"featured_media":0,"parent":742,"menu_order":0,"comment_status":"closed","ping_status":"closed","template":"","meta":{"_et_pb_use_builder":"on","_et_pb_old_content":"","_et_gb_content_width":"","footnotes":""},"class_list":["post-750","page","type-page","status-publish","hentry"],"yoast_head":"<!-- This site is optimized with the Yoast SEO plugin v27.6 - https:\/\/yoast.com\/product\/yoast-seo-wordpress\/ -->\n<title>Strat\u00e9gie concurrentielle - GreenCompete<\/title>\n<meta name=\"robots\" content=\"index, follow, max-snippet:-1, max-image-preview:large, max-video-preview:-1\" \/>\n<link rel=\"canonical\" href=\"https:\/\/greencompete.com\/fr\/services\/strategie-concurrentielle\/\" \/>\n<meta property=\"og:locale\" content=\"fr_FR\" \/>\n<meta property=\"og:type\" content=\"article\" \/>\n<meta property=\"og:title\" content=\"Strat\u00e9gie concurrentielle - GreenCompete\" \/>\n<meta property=\"og:description\" content=\"Strat\u00e9gies pour vous aider \u00e0 vous d\u00e9velopper et \u00e0 \u00eatre plus comp\u00e9titifs dans votre industrie et vos march\u00e9s. Nos Services Strat\u00e9gie concurrentielle Nous fournissons aux organisations des conseils et des strat\u00e9gies pour les aider \u00e0 comp\u00e9titionner plus efficacement. Nous d\u00e9veloppons et revitalisons leurs plans strat\u00e9giques et leurs proc\u00e9d\u00e9s afin d\u2019am\u00e9liorer leur comp\u00e9titivit\u00e9 et leur croissance. [&hellip;]\" \/>\n<meta property=\"og:url\" content=\"https:\/\/greencompete.com\/fr\/services\/strategie-concurrentielle\/\" \/>\n<meta property=\"og:site_name\" content=\"GreenCompete\" \/>\n<meta property=\"article:modified_time\" content=\"2019-12-15T01:57:17+00:00\" \/>\n<meta name=\"twitter:card\" content=\"summary_large_image\" \/>\n<meta name=\"twitter:label1\" content=\"Dur\u00e9e de lecture estim\u00e9e\" \/>\n\t<meta name=\"twitter:data1\" content=\"4 minutes\" \/>\n<script type=\"application\/ld+json\" class=\"yoast-schema-graph\">{\"@context\":\"https:\\\/\\\/schema.org\",\"@graph\":[{\"@type\":\"WebPage\",\"@id\":\"https:\\\/\\\/greencompete.com\\\/fr\\\/services\\\/strategie-concurrentielle\\\/\",\"url\":\"https:\\\/\\\/greencompete.com\\\/fr\\\/services\\\/strategie-concurrentielle\\\/\",\"name\":\"Strat\u00e9gie concurrentielle - GreenCompete\",\"isPartOf\":{\"@id\":\"https:\\\/\\\/greencompete.com\\\/#website\"},\"datePublished\":\"2017-08-09T23:36:29+00:00\",\"dateModified\":\"2019-12-15T01:57:17+00:00\",\"breadcrumb\":{\"@id\":\"https:\\\/\\\/greencompete.com\\\/fr\\\/services\\\/strategie-concurrentielle\\\/#breadcrumb\"},\"inLanguage\":\"fr-FR\",\"potentialAction\":[{\"@type\":\"ReadAction\",\"target\":[\"https:\\\/\\\/greencompete.com\\\/fr\\\/services\\\/strategie-concurrentielle\\\/\"]}]},{\"@type\":\"BreadcrumbList\",\"@id\":\"https:\\\/\\\/greencompete.com\\\/fr\\\/services\\\/strategie-concurrentielle\\\/#breadcrumb\",\"itemListElement\":[{\"@type\":\"ListItem\",\"position\":1,\"name\":\"Home\",\"item\":\"https:\\\/\\\/greencompete.com\\\/fr\\\/\"},{\"@type\":\"ListItem\",\"position\":2,\"name\":\"Services\",\"item\":\"https:\\\/\\\/greencompete.com\\\/fr\\\/services\\\/\"},{\"@type\":\"ListItem\",\"position\":3,\"name\":\"Strat\u00e9gie concurrentielle\"}]},{\"@type\":\"WebSite\",\"@id\":\"https:\\\/\\\/greencompete.com\\\/#website\",\"url\":\"https:\\\/\\\/greencompete.com\\\/\",\"name\":\"GreenCompete\",\"description\":\"Helping you grow and compete\",\"potentialAction\":[{\"@type\":\"SearchAction\",\"target\":{\"@type\":\"EntryPoint\",\"urlTemplate\":\"https:\\\/\\\/greencompete.com\\\/?s={search_term_string}\"},\"query-input\":{\"@type\":\"PropertyValueSpecification\",\"valueRequired\":true,\"valueName\":\"search_term_string\"}}],\"inLanguage\":\"fr-FR\"}]}<\/script>\n<!-- \/ Yoast SEO plugin. -->","yoast_head_json":{"title":"Strat\u00e9gie concurrentielle - GreenCompete","robots":{"index":"index","follow":"follow","max-snippet":"max-snippet:-1","max-image-preview":"max-image-preview:large","max-video-preview":"max-video-preview:-1"},"canonical":"https:\/\/greencompete.com\/fr\/services\/strategie-concurrentielle\/","og_locale":"fr_FR","og_type":"article","og_title":"Strat\u00e9gie concurrentielle - GreenCompete","og_description":"Strat\u00e9gies pour vous aider \u00e0 vous d\u00e9velopper et \u00e0 \u00eatre plus comp\u00e9titifs dans votre industrie et vos march\u00e9s. Nos Services Strat\u00e9gie concurrentielle Nous fournissons aux organisations des conseils et des strat\u00e9gies pour les aider \u00e0 comp\u00e9titionner plus efficacement. Nous d\u00e9veloppons et revitalisons leurs plans strat\u00e9giques et leurs proc\u00e9d\u00e9s afin d\u2019am\u00e9liorer leur comp\u00e9titivit\u00e9 et leur croissance. [&hellip;]","og_url":"https:\/\/greencompete.com\/fr\/services\/strategie-concurrentielle\/","og_site_name":"GreenCompete","article_modified_time":"2019-12-15T01:57:17+00:00","twitter_card":"summary_large_image","twitter_misc":{"Dur\u00e9e de lecture estim\u00e9e":"4 minutes"},"schema":{"@context":"https:\/\/schema.org","@graph":[{"@type":"WebPage","@id":"https:\/\/greencompete.com\/fr\/services\/strategie-concurrentielle\/","url":"https:\/\/greencompete.com\/fr\/services\/strategie-concurrentielle\/","name":"Strat\u00e9gie concurrentielle - GreenCompete","isPartOf":{"@id":"https:\/\/greencompete.com\/#website"},"datePublished":"2017-08-09T23:36:29+00:00","dateModified":"2019-12-15T01:57:17+00:00","breadcrumb":{"@id":"https:\/\/greencompete.com\/fr\/services\/strategie-concurrentielle\/#breadcrumb"},"inLanguage":"fr-FR","potentialAction":[{"@type":"ReadAction","target":["https:\/\/greencompete.com\/fr\/services\/strategie-concurrentielle\/"]}]},{"@type":"BreadcrumbList","@id":"https:\/\/greencompete.com\/fr\/services\/strategie-concurrentielle\/#breadcrumb","itemListElement":[{"@type":"ListItem","position":1,"name":"Home","item":"https:\/\/greencompete.com\/fr\/"},{"@type":"ListItem","position":2,"name":"Services","item":"https:\/\/greencompete.com\/fr\/services\/"},{"@type":"ListItem","position":3,"name":"Strat\u00e9gie concurrentielle"}]},{"@type":"WebSite","@id":"https:\/\/greencompete.com\/#website","url":"https:\/\/greencompete.com\/","name":"GreenCompete","description":"Helping you grow and compete","potentialAction":[{"@type":"SearchAction","target":{"@type":"EntryPoint","urlTemplate":"https:\/\/greencompete.com\/?s={search_term_string}"},"query-input":{"@type":"PropertyValueSpecification","valueRequired":true,"valueName":"search_term_string"}}],"inLanguage":"fr-FR"}]}},"_links":{"self":[{"href":"https:\/\/greencompete.com\/fr\/wp-json\/wp\/v2\/pages\/750","targetHints":{"allow":["GET"]}}],"collection":[{"href":"https:\/\/greencompete.com\/fr\/wp-json\/wp\/v2\/pages"}],"about":[{"href":"https:\/\/greencompete.com\/fr\/wp-json\/wp\/v2\/types\/page"}],"author":[{"embeddable":true,"href":"https:\/\/greencompete.com\/fr\/wp-json\/wp\/v2\/users\/2"}],"replies":[{"embeddable":true,"href":"https:\/\/greencompete.com\/fr\/wp-json\/wp\/v2\/comments?post=750"}],"version-history":[{"count":3,"href":"https:\/\/greencompete.com\/fr\/wp-json\/wp\/v2\/pages\/750\/revisions"}],"predecessor-version":[{"id":1274,"href":"https:\/\/greencompete.com\/fr\/wp-json\/wp\/v2\/pages\/750\/revisions\/1274"}],"up":[{"embeddable":true,"href":"https:\/\/greencompete.com\/fr\/wp-json\/wp\/v2\/pages\/742"}],"wp:attachment":[{"href":"https:\/\/greencompete.com\/fr\/wp-json\/wp\/v2\/media?parent=750"}],"curies":[{"name":"wp","href":"https:\/\/api.w.org\/{rel}","templated":true}]}}