{"id":724,"date":"2017-08-04T06:58:57","date_gmt":"2017-08-04T10:58:57","guid":{"rendered":"http:\/\/greencompete.com\/?page_id=724"},"modified":"2020-10-24T09:48:33","modified_gmt":"2020-10-24T13:48:33","slug":"propos-de-nous","status":"publish","type":"page","link":"https:\/\/greencompete.com\/fr\/propos-de-nous\/","title":{"rendered":"\u00c0 propos de nous"},"content":{"rendered":"<p>[et_pb_section fb_built=\u00a0\u00bb1&Prime; _builder_version=\u00a0\u00bb3.22.3&Prime; background_image=\u00a0\u00bbhttp:\/\/greencompete.com\/wp-content\/uploads\/people-bike-background-city.jpg\u00a0\u00bb transparent_background=\u00a0\u00bboff\u00a0\u00bb][et_pb_row _builder_version=\u00a0\u00bb3.25&Prime; background_size=\u00a0\u00bbinitial\u00a0\u00bb background_position=\u00a0\u00bbtop_left\u00a0\u00bb background_repeat=\u00a0\u00bbrepeat\u00a0\u00bb custom_padding=\u00a0\u00bb5%||5%|\u00a0\u00bb][et_pb_column type=\u00a0\u00bb4_4&Prime; _builder_version=\u00a0\u00bb3.25&Prime; custom_padding=\u00a0\u00bb|||\u00a0\u00bb custom_padding__hover=\u00a0\u00bb|||\u00a0\u00bb][et_pb_divider show_divider=\u00a0\u00bboff\u00a0\u00bb disabled_on=\u00a0\u00bbon|on|off\u00a0\u00bb _builder_version=\u00a0\u00bb3.23.4&Prime; height=\u00a0\u00bb100px\u00a0\u00bb hide_on_mobile=\u00a0\u00bbon\u00a0\u00bb][\/et_pb_divider][\/et_pb_column][\/et_pb_row][\/et_pb_section][et_pb_section fb_built=\u00a0\u00bb1&Prime; admin_label=\u00a0\u00bbsection\u00a0\u00bb _builder_version=\u00a0\u00bb3.22.3&Prime;][et_pb_row admin_label=\u00a0\u00bbrow\u00a0\u00bb _builder_version=\u00a0\u00bb4.6.6&Prime; background_size=\u00a0\u00bbinitial\u00a0\u00bb background_position=\u00a0\u00bbtop_left\u00a0\u00bb background_repeat=\u00a0\u00bbrepeat\u00a0\u00bb custom_padding=\u00a0\u00bb25px||25px||false|false\u00a0\u00bb][et_pb_column type=\u00a0\u00bb4_4&Prime; _builder_version=\u00a0\u00bb3.25&Prime; custom_padding=\u00a0\u00bb|||\u00a0\u00bb custom_padding__hover=\u00a0\u00bb|||\u00a0\u00bb][et_pb_text admin_label=\u00a0\u00bb\u00c0 propos de nous\u00a0\u00bb _builder_version=\u00a0\u00bb3.27.4&Prime; text_orientation=\u00a0\u00bbcenter\u00a0\u00bb module_alignment=\u00a0\u00bbcenter\u00a0\u00bb custom_margin=\u00a0\u00bb|25px||\u00a0\u00bb custom_padding=\u00a0\u00bb||30px|\u00a0\u00bb border_style=\u00a0\u00bbsolid\u00a0\u00bb saved_tabs=\u00a0\u00bball\u00a0\u00bb]<\/p>\n<h1 class=\"entry-title\">\u00c0 propos de nous<\/h1>\n<p>[\/et_pb_text][et_pb_text admin_label=\u00a0\u00bbQui sommes-nous ?\u00a0\u00bb _builder_version=\u00a0\u00bb4.6.6&Prime; border_style=\u00a0\u00bbsolid\u00a0\u00bb]<\/p>\n<h2>Qui sommes-nous\u00a0?<\/h2>\n<p>GreenCompete Inc. est une firme d\u2019experts-conseils en affaires qui aide les entreprises \u00e0 croitre et \u00e0 \u00eatre concurrentielles sur des march\u00e9s nouveaux et existants.<\/p>\n<p>Nous aidons nos entreprises clientes \u00e0 d\u00e9velopper et mettre en \u0153uvre une strat\u00e9gie concurrentielle, le d\u00e9veloppement des affaires, le marketing strat\u00e9gique, les cha\u00eenes d&rsquo;approvisionnement vertes, les partenariats strat\u00e9giques, et leurs initiatives de responsabilit\u00e9 sociale et de d\u00e9veloppement durable.<\/p>\n<p>Nous aidons \u00e9galement les organisations du secteur public et les soci\u00e9t\u00e9s d\u2019\u00c9tat qui servent les entreprises canadiennes \u00e0 promouvoir leurs programmes et \u00e0 trouver de nouveaux partenaires et clients pour leurs programmes.[\/et_pb_text][\/et_pb_column][\/et_pb_row][et_pb_row admin_label=\u00a0\u00bbrow\u00a0\u00bb _builder_version=\u00a0\u00bb3.25&Prime; background_size=\u00a0\u00bbinitial\u00a0\u00bb background_position=\u00a0\u00bbtop_left\u00a0\u00bb background_repeat=\u00a0\u00bbrepeat\u00a0\u00bb custom_padding=\u00a0\u00bb25px||25px|\u00a0\u00bb][et_pb_column type=\u00a0\u00bb4_4&Prime; _builder_version=\u00a0\u00bb3.25&Prime; custom_padding=\u00a0\u00bb|||\u00a0\u00bb custom_padding__hover=\u00a0\u00bb|||\u00a0\u00bb][et_pb_text admin_label=\u00a0\u00bbNotre vision\u00a0\u00bb _builder_version=\u00a0\u00bb4.6.6&Prime; border_style=\u00a0\u00bbsolid\u00a0\u00bb]<\/p>\n<h2>Performances pass\u00e9es<\/h2>\n<p>Nous avons des ant\u00e9c\u00e9dents de projets r\u00e9ussis qui ont produit des r\u00e9sultats pour nos clients dans de nombreux secteurs.<\/p>\n<p>Au cours des 12 derni\u00e8res ann\u00e9es, nous avons r\u00e9alis\u00e9 des projets pour des clients canadiens et internationaux, en les aidant \u00e0 atteindre leurs objectifs commerciaux et en leur donnant acc\u00e8s \u00e0 de nouvelles opportunit\u00e9s de march\u00e9 et \u00e0 des revenus accrus.<\/p>\n<p>[\/et_pb_text][\/et_pb_column][\/et_pb_row][et_pb_row admin_label=\u00a0\u00bbrow\u00a0\u00bb _builder_version=\u00a0\u00bb3.25&Prime; background_size=\u00a0\u00bbinitial\u00a0\u00bb background_position=\u00a0\u00bbtop_left\u00a0\u00bb background_repeat=\u00a0\u00bbrepeat\u00a0\u00bb custom_padding=\u00a0\u00bb25px||25px|\u00a0\u00bb][et_pb_column type=\u00a0\u00bb4_4&Prime; _builder_version=\u00a0\u00bb3.25&Prime; custom_padding=\u00a0\u00bb|||\u00a0\u00bb custom_padding__hover=\u00a0\u00bb|||\u00a0\u00bb][et_pb_text ul_position=\u00a0\u00bbinside\u00a0\u00bb ul_item_indent=\u00a0\u00bb35px\u00a0\u00bb admin_label=\u00a0\u00bbNotre vision\u00a0\u00bb _builder_version=\u00a0\u00bb4.6.6&Prime; ul_font=\u00a0\u00bb||||||||\u00a0\u00bb border_style=\u00a0\u00bbsolid\u00a0\u00bb]<\/p>\n<h2>Normes de service<\/h2>\n<ul>\n<li>Nos consultants exp\u00e9riment\u00e9s utilisent leur connaissance approfondie de la technologie, des produits et des march\u00e9s pour fournir les meilleurs conseils et solutions \u00e0 nos clients.<\/li>\n<li>Nous nous engageons \u00e0 r\u00e9pondre aux besoins et aux d\u00e9lais de livraison de nos clients.<\/li>\n<li>Nous appliquons des normes de qualit\u00e9 en mati\u00e8re de services et pouvons servir les clients dans plusieurs langues.<\/li>\n<\/ul>\n<p>[\/et_pb_text][\/et_pb_column][\/et_pb_row][et_pb_row _builder_version=\u00a0\u00bb3.25&Prime; background_size=\u00a0\u00bbinitial\u00a0\u00bb background_position=\u00a0\u00bbtop_left\u00a0\u00bb background_repeat=\u00a0\u00bbrepeat\u00a0\u00bb global_module=\u00a0\u00bb728&Prime;][et_pb_column type=\u00a0\u00bb4_4&Prime; _builder_version=\u00a0\u00bb3.25&Prime; background_position=\u00a0\u00bbtop_left\u00a0\u00bb custom_padding=\u00a0\u00bb|||\u00a0\u00bb custom_padding__hover=\u00a0\u00bb|||\u00a0\u00bb][et_pb_divider color=\u00a0\u00bb#15457A\u00a0\u00bb divider_weight=\u00a0\u00bb1px\u00a0\u00bb disabled_on=\u00a0\u00bbon|on|off\u00a0\u00bb _builder_version=\u00a0\u00bb4.0.9&Prime; height=\u00a0\u00bb2px\u00a0\u00bb custom_padding=\u00a0\u00bb15px|||\u00a0\u00bb custom_css_main_element=\u00a0\u00bbdisplay: block !important;||margin-top: 8px;\u00a0\u00bb hide_on_mobile=\u00a0\u00bbon\u00a0\u00bb]<\/p>\n<p>\u00a0<\/p>\n<p>[\/et_pb_divider][\/et_pb_column][\/et_pb_row][et_pb_row column_structure=\u00a0\u00bb1_5,1_5,1_5,1_5,1_5&Prime; column_padding_mobile=\u00a0\u00bbon\u00a0\u00bb _builder_version=\u00a0\u00bb4.6.6&Prime; background_size=\u00a0\u00bbinitial\u00a0\u00bb background_position=\u00a0\u00bbtop_left\u00a0\u00bb background_repeat=\u00a0\u00bbrepeat\u00a0\u00bb custom_padding=\u00a0\u00bb40px||55px|\u00a0\u00bb][et_pb_column type=\u00a0\u00bb1_5&Prime; _builder_version=\u00a0\u00bb3.25&Prime; background_position=\u00a0\u00bbtop_left\u00a0\u00bb custom_padding=\u00a0\u00bb|||\u00a0\u00bb custom_padding__hover=\u00a0\u00bb|||\u00a0\u00bb][et_pb_blurb title=\u00a0\u00bbSTRAT\u00c9GIE CONCURRENTIELLE\u00a0\u00bb url=\u00a0\u00bb\/fr\/services\/strategie-concurrentielle\/\u00a0\u00bb use_icon=\u00a0\u00bbon\u00a0\u00bb font_icon=\u00a0\u00bb%%159%%\u00a0\u00bb icon_color=\u00a0\u00bb#ffffff\u00a0\u00bb use_circle=\u00a0\u00bbon\u00a0\u00bb circle_color=\u00a0\u00bb#E02B20&Prime; admin_label=\u00a0\u00bbSTRAT\u00c9GIE CONCURRENTIELLE\u00a0\u00bb _builder_version=\u00a0\u00bb4.0.9&Prime; header_font=\u00a0\u00bb|on||on|\u00a0\u00bb header_text_color=\u00a0\u00bb#e02b20&Prime; background_size=\u00a0\u00bbinitial\u00a0\u00bb background_position=\u00a0\u00bbtop_left\u00a0\u00bb background_repeat=\u00a0\u00bbrepeat\u00a0\u00bb text_orientation=\u00a0\u00bbcenter\u00a0\u00bb border_style=\u00a0\u00bbsolid\u00a0\u00bb][\/et_pb_blurb][\/et_pb_column][et_pb_column type=\u00a0\u00bb1_5&Prime; _builder_version=\u00a0\u00bb3.25&Prime; background_position=\u00a0\u00bbtop_left\u00a0\u00bb custom_padding=\u00a0\u00bb|||\u00a0\u00bb custom_padding__hover=\u00a0\u00bb|||\u00a0\u00bb][et_pb_blurb title=\u00a0\u00bbMARKETING ET D\u00c9VELOPPEMENT DES AFFAIRES\u00a0\u00bb url=\u00a0\u00bb\/fr\/services\/marketing-et-developpement-commercial\/\u00a0\u00bb use_icon=\u00a0\u00bbon\u00a0\u00bb font_icon=\u00a0\u00bb%%126%%\u00a0\u00bb icon_color=\u00a0\u00bb#ffffff\u00a0\u00bb use_circle=\u00a0\u00bbon\u00a0\u00bb circle_color=\u00a0\u00bb#2BA0C5&Prime; admin_label=\u00a0\u00bbMARKETING ET D\u00c9VELOPPEMENT DES AFFAIRES\u00a0\u00bb _builder_version=\u00a0\u00bb4.0.9&Prime; header_font=\u00a0\u00bb|on||on|\u00a0\u00bb header_text_color=\u00a0\u00bb#2BA0C5&Prime; background_size=\u00a0\u00bbinitial\u00a0\u00bb background_position=\u00a0\u00bbtop_left\u00a0\u00bb background_repeat=\u00a0\u00bbrepeat\u00a0\u00bb text_orientation=\u00a0\u00bbcenter\u00a0\u00bb border_style=\u00a0\u00bbsolid\u00a0\u00bb][\/et_pb_blurb][\/et_pb_column][et_pb_column type=\u00a0\u00bb1_5&Prime; _builder_version=\u00a0\u00bb3.25&Prime; background_position=\u00a0\u00bbtop_left\u00a0\u00bb custom_padding=\u00a0\u00bb|||\u00a0\u00bb custom_padding__hover=\u00a0\u00bb|||\u00a0\u00bb][et_pb_blurb title=\u00a0\u00bbD\u00c9VELOPPEMENT DE PARTENARIATS\u00a0\u00bb url=\u00a0\u00bb\/fr\/services\/chaines-dapprovisionnement\/\u00a0\u00bb use_icon=\u00a0\u00bbon\u00a0\u00bb font_icon=\u00a0\u00bb%%150%%\u00a0\u00bb icon_color=\u00a0\u00bb#ffffff\u00a0\u00bb use_circle=\u00a0\u00bbon\u00a0\u00bb circle_color=\u00a0\u00bb#15457A\u00a0\u00bb admin_label=\u00a0\u00bbD\u00c9VELOPPEMENT DE PARTENARIATS\u00a0\u00bb _builder_version=\u00a0\u00bb4.6.6&Prime; header_font=\u00a0\u00bb|on||on|\u00a0\u00bb header_text_color=\u00a0\u00bb#15457A\u00a0\u00bb background_size=\u00a0\u00bbinitial\u00a0\u00bb background_position=\u00a0\u00bbtop_left\u00a0\u00bb background_repeat=\u00a0\u00bbrepeat\u00a0\u00bb text_orientation=\u00a0\u00bbcenter\u00a0\u00bb hover_enabled=\u00a0\u00bb0&Prime; border_style=\u00a0\u00bbsolid\u00a0\u00bb sticky_enabled=\u00a0\u00bb0&Prime;][\/et_pb_blurb][\/et_pb_column][et_pb_column type=\u00a0\u00bb1_5&Prime; _builder_version=\u00a0\u00bb3.25&Prime; background_position=\u00a0\u00bbtop_left\u00a0\u00bb custom_padding=\u00a0\u00bb|||\u00a0\u00bb custom_padding__hover=\u00a0\u00bb|||\u00a0\u00bb][et_pb_blurb title=\u00a0\u00bbCha\u00eenes d\u2019approvisionnement\u00a0\u00bb url=\u00a0\u00bb\/fr\/services\/chaines-dapprovisionnement\/\u00a0\u00bb use_icon=\u00a0\u00bbon\u00a0\u00bb font_icon=\u00a0\u00bb%%304%%\u00a0\u00bb icon_color=\u00a0\u00bb#ffffff\u00a0\u00bb use_circle=\u00a0\u00bbon\u00a0\u00bb circle_color=\u00a0\u00bb#128751&Prime; use_icon_font_size=\u00a0\u00bbon\u00a0\u00bb icon_font_size=\u00a0\u00bb50&Prime; admin_label=\u00a0\u00bbRESPONSABILIT\u00c9 SOCIALE D\u2019ENTREPRISE\u00a0\u00bb _builder_version=\u00a0\u00bb4.6.6&Prime; header_font=\u00a0\u00bb|on||on|\u00a0\u00bb header_text_color=\u00a0\u00bb#128751&Prime; header_line_height=\u00a0\u00bb1.5em\u00a0\u00bb body_font_size=\u00a0\u00bb13&Prime; background_size=\u00a0\u00bbinitial\u00a0\u00bb background_position=\u00a0\u00bbtop_left\u00a0\u00bb background_repeat=\u00a0\u00bbrepeat\u00a0\u00bb text_orientation=\u00a0\u00bbcenter\u00a0\u00bb animation=\u00a0\u00bbleft\u00a0\u00bb border_style=\u00a0\u00bbsolid\u00a0\u00bb locked=\u00a0\u00bboff\u00a0\u00bb][\/et_pb_blurb][\/et_pb_column][et_pb_column type=\u00a0\u00bb1_5&Prime; _builder_version=\u00a0\u00bb3.25&Prime; background_position=\u00a0\u00bbtop_left\u00a0\u00bb custom_padding=\u00a0\u00bb|||\u00a0\u00bb custom_padding__hover=\u00a0\u00bb|||\u00a0\u00bb][et_pb_blurb title=\u00a0\u00bbRESPONSABILIT\u00c9 SOCIALE D\u2019ENTREPRISE\u00a0\u00bb url=\u00a0\u00bb\/fr\/services\/responsabilite-sociale-des-entreprises\/\u00a0\u00bb use_icon=\u00a0\u00bbon\u00a0\u00bb font_icon=\u00a0\u00bb%%144%%\u00a0\u00bb icon_color=\u00a0\u00bb#ffffff\u00a0\u00bb use_circle=\u00a0\u00bbon\u00a0\u00bb circle_color=\u00a0\u00bb#331175&Prime; admin_label=\u00a0\u00bbRESPONSABILIT\u00c9 SOCIALE D\u2019ENTREPRISE\u00a0\u00bb _builder_version=\u00a0\u00bb4.6.6&Prime; header_font=\u00a0\u00bb|on||on|\u00a0\u00bb header_text_color=\u00a0\u00bb#331175&Prime; background_size=\u00a0\u00bbinitial\u00a0\u00bb background_position=\u00a0\u00bbtop_left\u00a0\u00bb background_repeat=\u00a0\u00bbrepeat\u00a0\u00bb text_orientation=\u00a0\u00bbcenter\u00a0\u00bb border_style=\u00a0\u00bbsolid\u00a0\u00bb][\/et_pb_blurb][\/et_pb_column][\/et_pb_row][\/et_pb_section]<\/p>\n","protected":false},"excerpt":{"rendered":"<p>\u00c0 propos de nous Qui sommes-nous\u00a0? GreenCompete Inc. est une firme d\u2019experts-conseils en affaires qui aide les entreprises \u00e0 croitre et \u00e0 \u00eatre concurrentielles sur des march\u00e9s nouveaux et existants. Nous aidons nos entreprises clientes \u00e0 d\u00e9velopper et mettre en \u0153uvre une strat\u00e9gie concurrentielle, le d\u00e9veloppement des affaires, le marketing strat\u00e9gique, les cha\u00eenes d&rsquo;approvisionnement vertes, [&hellip;]<\/p>\n","protected":false},"author":2,"featured_media":0,"parent":0,"menu_order":0,"comment_status":"closed","ping_status":"closed","template":"","meta":{"_et_pb_use_builder":"on","_et_pb_old_content":"","_et_gb_content_width":"","footnotes":""},"class_list":["post-724","page","type-page","status-publish","hentry"],"yoast_head":"<!-- This site is optimized with the Yoast SEO plugin v27.4 - https:\/\/yoast.com\/product\/yoast-seo-wordpress\/ -->\n<title>\u00c0 propos de nous - GreenCompete<\/title>\n<meta name=\"robots\" content=\"index, follow, max-snippet:-1, max-image-preview:large, max-video-preview:-1\" \/>\n<link rel=\"canonical\" href=\"https:\/\/greencompete.com\/fr\/propos-de-nous\/\" \/>\n<meta property=\"og:locale\" content=\"fr_FR\" \/>\n<meta property=\"og:type\" content=\"article\" \/>\n<meta property=\"og:title\" content=\"\u00c0 propos de nous - GreenCompete\" \/>\n<meta property=\"og:description\" content=\"\u00c0 propos de nous Qui sommes-nous\u00a0? GreenCompete Inc. est une firme d\u2019experts-conseils en affaires qui aide les entreprises \u00e0 croitre et \u00e0 \u00eatre concurrentielles sur des march\u00e9s nouveaux et existants. Nous aidons nos entreprises clientes \u00e0 d\u00e9velopper et mettre en \u0153uvre une strat\u00e9gie concurrentielle, le d\u00e9veloppement des affaires, le marketing strat\u00e9gique, les cha\u00eenes d&#039;approvisionnement vertes, [&hellip;]\" \/>\n<meta property=\"og:url\" content=\"https:\/\/greencompete.com\/fr\/propos-de-nous\/\" \/>\n<meta property=\"og:site_name\" content=\"GreenCompete\" \/>\n<meta property=\"article:modified_time\" content=\"2020-10-24T13:48:33+00:00\" \/>\n<meta name=\"twitter:card\" content=\"summary_large_image\" \/>\n<meta name=\"twitter:label1\" content=\"Dur\u00e9e de lecture estim\u00e9e\" \/>\n\t<meta name=\"twitter:data1\" content=\"5 minutes\" \/>\n<script type=\"application\/ld+json\" class=\"yoast-schema-graph\">{\"@context\":\"https:\\\/\\\/schema.org\",\"@graph\":[{\"@type\":\"WebPage\",\"@id\":\"https:\\\/\\\/greencompete.com\\\/fr\\\/propos-de-nous\\\/\",\"url\":\"https:\\\/\\\/greencompete.com\\\/fr\\\/propos-de-nous\\\/\",\"name\":\"\u00c0 propos de nous - GreenCompete\",\"isPartOf\":{\"@id\":\"https:\\\/\\\/greencompete.com\\\/#website\"},\"datePublished\":\"2017-08-04T10:58:57+00:00\",\"dateModified\":\"2020-10-24T13:48:33+00:00\",\"breadcrumb\":{\"@id\":\"https:\\\/\\\/greencompete.com\\\/fr\\\/propos-de-nous\\\/#breadcrumb\"},\"inLanguage\":\"fr-FR\",\"potentialAction\":[{\"@type\":\"ReadAction\",\"target\":[\"https:\\\/\\\/greencompete.com\\\/fr\\\/propos-de-nous\\\/\"]}]},{\"@type\":\"BreadcrumbList\",\"@id\":\"https:\\\/\\\/greencompete.com\\\/fr\\\/propos-de-nous\\\/#breadcrumb\",\"itemListElement\":[{\"@type\":\"ListItem\",\"position\":1,\"name\":\"Home\",\"item\":\"https:\\\/\\\/greencompete.com\\\/fr\\\/\"},{\"@type\":\"ListItem\",\"position\":2,\"name\":\"\u00c0 propos de nous\"}]},{\"@type\":\"WebSite\",\"@id\":\"https:\\\/\\\/greencompete.com\\\/#website\",\"url\":\"https:\\\/\\\/greencompete.com\\\/\",\"name\":\"GreenCompete\",\"description\":\"Helping you grow and compete\",\"potentialAction\":[{\"@type\":\"SearchAction\",\"target\":{\"@type\":\"EntryPoint\",\"urlTemplate\":\"https:\\\/\\\/greencompete.com\\\/?s={search_term_string}\"},\"query-input\":{\"@type\":\"PropertyValueSpecification\",\"valueRequired\":true,\"valueName\":\"search_term_string\"}}],\"inLanguage\":\"fr-FR\"}]}<\/script>\n<!-- \/ Yoast SEO plugin. -->","yoast_head_json":{"title":"\u00c0 propos de nous - GreenCompete","robots":{"index":"index","follow":"follow","max-snippet":"max-snippet:-1","max-image-preview":"max-image-preview:large","max-video-preview":"max-video-preview:-1"},"canonical":"https:\/\/greencompete.com\/fr\/propos-de-nous\/","og_locale":"fr_FR","og_type":"article","og_title":"\u00c0 propos de nous - GreenCompete","og_description":"\u00c0 propos de nous Qui sommes-nous\u00a0? GreenCompete Inc. est une firme d\u2019experts-conseils en affaires qui aide les entreprises \u00e0 croitre et \u00e0 \u00eatre concurrentielles sur des march\u00e9s nouveaux et existants. Nous aidons nos entreprises clientes \u00e0 d\u00e9velopper et mettre en \u0153uvre une strat\u00e9gie concurrentielle, le d\u00e9veloppement des affaires, le marketing strat\u00e9gique, les cha\u00eenes d'approvisionnement vertes, [&hellip;]","og_url":"https:\/\/greencompete.com\/fr\/propos-de-nous\/","og_site_name":"GreenCompete","article_modified_time":"2020-10-24T13:48:33+00:00","twitter_card":"summary_large_image","twitter_misc":{"Dur\u00e9e de lecture estim\u00e9e":"5 minutes"},"schema":{"@context":"https:\/\/schema.org","@graph":[{"@type":"WebPage","@id":"https:\/\/greencompete.com\/fr\/propos-de-nous\/","url":"https:\/\/greencompete.com\/fr\/propos-de-nous\/","name":"\u00c0 propos de nous - GreenCompete","isPartOf":{"@id":"https:\/\/greencompete.com\/#website"},"datePublished":"2017-08-04T10:58:57+00:00","dateModified":"2020-10-24T13:48:33+00:00","breadcrumb":{"@id":"https:\/\/greencompete.com\/fr\/propos-de-nous\/#breadcrumb"},"inLanguage":"fr-FR","potentialAction":[{"@type":"ReadAction","target":["https:\/\/greencompete.com\/fr\/propos-de-nous\/"]}]},{"@type":"BreadcrumbList","@id":"https:\/\/greencompete.com\/fr\/propos-de-nous\/#breadcrumb","itemListElement":[{"@type":"ListItem","position":1,"name":"Home","item":"https:\/\/greencompete.com\/fr\/"},{"@type":"ListItem","position":2,"name":"\u00c0 propos de nous"}]},{"@type":"WebSite","@id":"https:\/\/greencompete.com\/#website","url":"https:\/\/greencompete.com\/","name":"GreenCompete","description":"Helping you grow and compete","potentialAction":[{"@type":"SearchAction","target":{"@type":"EntryPoint","urlTemplate":"https:\/\/greencompete.com\/?s={search_term_string}"},"query-input":{"@type":"PropertyValueSpecification","valueRequired":true,"valueName":"search_term_string"}}],"inLanguage":"fr-FR"}]}},"_links":{"self":[{"href":"https:\/\/greencompete.com\/fr\/wp-json\/wp\/v2\/pages\/724","targetHints":{"allow":["GET"]}}],"collection":[{"href":"https:\/\/greencompete.com\/fr\/wp-json\/wp\/v2\/pages"}],"about":[{"href":"https:\/\/greencompete.com\/fr\/wp-json\/wp\/v2\/types\/page"}],"author":[{"embeddable":true,"href":"https:\/\/greencompete.com\/fr\/wp-json\/wp\/v2\/users\/2"}],"replies":[{"embeddable":true,"href":"https:\/\/greencompete.com\/fr\/wp-json\/wp\/v2\/comments?post=724"}],"version-history":[{"count":5,"href":"https:\/\/greencompete.com\/fr\/wp-json\/wp\/v2\/pages\/724\/revisions"}],"predecessor-version":[{"id":1654,"href":"https:\/\/greencompete.com\/fr\/wp-json\/wp\/v2\/pages\/724\/revisions\/1654"}],"wp:attachment":[{"href":"https:\/\/greencompete.com\/fr\/wp-json\/wp\/v2\/media?parent=724"}],"curies":[{"name":"wp","href":"https:\/\/api.w.org\/{rel}","templated":true}]}}