{"id":1416,"date":"2020-10-18T19:39:51","date_gmt":"2020-10-18T23:39:51","guid":{"rendered":"http:\/\/greencompete.com\/services\/supply-chains\/"},"modified":"2020-10-23T16:02:10","modified_gmt":"2020-10-23T20:02:10","slug":"chaines-dapprovisionnement","status":"publish","type":"page","link":"https:\/\/greencompete.com\/fr\/services\/chaines-dapprovisionnement\/","title":{"rendered":"Cha\u00eenes d&rsquo;approvisionnement"},"content":{"rendered":"<p>[et_pb_section fb_built=\u00a0\u00bb1&Prime; admin_label=\u00a0\u00bbSection\u00a0\u00bb _builder_version=\u00a0\u00bb4.6.6&Prime; background_image=\u00a0\u00bbhttp:\/\/greencompete.com\/wp-content\/uploads\/supply-chain-fr-1.jpg\u00a0\u00bb min_height=\u00a0\u00bb400px\u00a0\u00bb transparent_background=\u00a0\u00bboff\u00a0\u00bb][et_pb_row admin_label=\u00a0\u00bbRow\u00a0\u00bb _builder_version=\u00a0\u00bb3.25&Prime; background_size=\u00a0\u00bbinitial\u00a0\u00bb background_position=\u00a0\u00bbtop_left\u00a0\u00bb background_repeat=\u00a0\u00bbrepeat\u00a0\u00bb custom_padding=\u00a0\u00bb5%||5%|\u00a0\u00bb][et_pb_column type=\u00a0\u00bb4_4&Prime; _builder_version=\u00a0\u00bb3.25&Prime; custom_padding=\u00a0\u00bb|||\u00a0\u00bb custom_padding__hover=\u00a0\u00bb|||\u00a0\u00bb][et_pb_divider show_divider=\u00a0\u00bboff\u00a0\u00bb disabled_on=\u00a0\u00bbon|on|off\u00a0\u00bb admin_label=\u00a0\u00bbDivider\u00a0\u00bb _builder_version=\u00a0\u00bb3.23.4&Prime; height=\u00a0\u00bb100px\u00a0\u00bb hide_on_mobile=\u00a0\u00bbon\u00a0\u00bb] [\/et_pb_divider][\/et_pb_column][\/et_pb_row][\/et_pb_section][et_pb_section fb_built=\u00a0\u00bb1&Prime; admin_label=\u00a0\u00bbsection\u00a0\u00bb _builder_version=\u00a0\u00bb3.22&Prime; custom_padding=\u00a0\u00bb10px||0px|\u00a0\u00bb transparent_background=\u00a0\u00bboff\u00a0\u00bb][et_pb_row admin_label=\u00a0\u00bbrow\u00a0\u00bb _builder_version=\u00a0\u00bb3.25&Prime; background_size=\u00a0\u00bbinitial\u00a0\u00bb background_position=\u00a0\u00bbtop_left\u00a0\u00bb background_repeat=\u00a0\u00bbrepeat\u00a0\u00bb custom_margin=\u00a0\u00bb||0px|\u00a0\u00bb custom_padding=\u00a0\u00bb20px||0px|\u00a0\u00bb][et_pb_column type=\u00a0\u00bb4_4&Prime; _builder_version=\u00a0\u00bb3.25&Prime; custom_padding=\u00a0\u00bb|||\u00a0\u00bb custom_padding__hover=\u00a0\u00bb|||\u00a0\u00bb][et_pb_text admin_label=\u00a0\u00bbStrategies to help you grow and compete in your industry and markets.\u00a0\u00bb _builder_version=\u00a0\u00bb4.6.6&Prime; text_font=\u00a0\u00bb||||||||\u00a0\u00bb text_text_color=\u00a0\u00bb#4178a3&Prime; background_size=\u00a0\u00bbinitial\u00a0\u00bb background_position=\u00a0\u00bbtop_left\u00a0\u00bb background_repeat=\u00a0\u00bbrepeat\u00a0\u00bb text_orientation=\u00a0\u00bbcenter\u00a0\u00bb module_alignment=\u00a0\u00bbcenter\u00a0\u00bb custom_margin=\u00a0\u00bb|100px||100px\u00a0\u00bb custom_margin_tablet=\u00a0\u00bb\u00a0\u00bb custom_margin_phone=\u00a0\u00bb|0px||0px\u00a0\u00bb custom_margin_last_edited=\u00a0\u00bbon|desktop\u00a0\u00bb custom_padding=\u00a0\u00bb||10px|\u00a0\u00bb hover_enabled=\u00a0\u00bb0&Prime; text_font_size_tablet=\u00a0\u00bb\u00a0\u00bb text_font_size_phone=\u00a0\u00bb\u00a0\u00bb text_font_size_last_edited=\u00a0\u00bbon|phone\u00a0\u00bb use_border_color=\u00a0\u00bboff\u00a0\u00bb border_color=\u00a0\u00bb#ffffff\u00a0\u00bb border_style=\u00a0\u00bbsolid\u00a0\u00bb saved_tabs=\u00a0\u00bball\u00a0\u00bb sticky_enabled=\u00a0\u00bb0&Prime;]<\/p>\n<h1><span style=\"color: #128751;\">Cha\u00eenes d&rsquo;approvisionnement vertes et diversit\u00e9 des fournisseurs<\/span><\/h1>\n<p>[\/et_pb_text][et_pb_divider color=\u00a0\u00bb#dadcdc\u00a0\u00bb divider_position=\u00a0\u00bbcenter\u00a0\u00bb divider_weight=\u00a0\u00bb5px\u00a0\u00bb admin_label=\u00a0\u00bbDivider\u00a0\u00bb _builder_version=\u00a0\u00bb3.23.4&Prime; height=\u00a0\u00bb10px\u00a0\u00bb custom_css_main_element=\u00a0\u00bbmargin: 0 auto;\u00a0\u00bb hide_on_mobile=\u00a0\u00bboff\u00a0\u00bb] [\/et_pb_divider][et_pb_text _builder_version=\u00a0\u00bb4.6.6&Prime; _module_preset=\u00a0\u00bbdefault\u00a0\u00bb]<\/p>\n<p>Nous aidons les entreprises \u00e0 rendre leurs <strong>cha\u00eenes d&rsquo;approvisionnement plus \u00ab vertes \u00bb pour<\/strong> atteindre leurs objectifs d\u2019affaires et r\u00e9pondre aux besoins de leurs clients.<\/p>\n<p>Nous d\u00e9veloppons des strat\u00e9gies de cha\u00eene d&rsquo;approvisionnement et trouvons de nouveaux <strong>partenaires et fournisseurs \u00ab verts \u00bb<\/strong> pour les entreprises sur des march\u00e9s nouveaux et existants, y compris les femmes et d\u2019autres fournisseurs diversifi\u00e9s.<\/p>\n<p>[\/et_pb_text][\/et_pb_column][\/et_pb_row][\/et_pb_section][et_pb_section fb_built=\u00a0\u00bb1&Prime; admin_label=\u00a0\u00bbsection\u00a0\u00bb _builder_version=\u00a0\u00bb3.22&Prime; custom_padding=\u00a0\u00bb0px|||\u00a0\u00bb transparent_background=\u00a0\u00bboff\u00a0\u00bb][et_pb_row column_structure=\u00a0\u00bb1_3,1_3,1_3&Prime; _builder_version=\u00a0\u00bb4.6.6&Prime; custom_margin=\u00a0\u00bb||||false|false\u00a0\u00bb custom_padding=\u00a0\u00bb|||25px|false|false\u00a0\u00bb][et_pb_column type=\u00a0\u00bb1_3&Prime; _builder_version=\u00a0\u00bb4.0.7&Prime;][et_pb_text _builder_version=\u00a0\u00bb4.6.6&Prime;]<\/p>\n<h2><span style=\"color: #128751;\">Nos services comprennent:<\/span><\/h2>\n<ul>\n<li><span style=\"font-weight: 400;\"> Strat\u00e9gie de cha\u00eene d&rsquo;approvisionnement verte<\/span><\/li>\n<li><span style=\"font-weight: 400;\"> Recherche de fournisseurs de qualit\u00e9<\/span><\/li>\n<li><span style=\"font-weight: 400;\"> Engagement de diversit\u00e9 des fournisseurs<\/span><\/li>\n<li><span style=\"font-weight: 400;\"> Mesure du rendement et rapports<\/span><\/li>\n<li><span style=\"font-weight: 400;\"> Strat\u00e9gies et plans de communication<\/span><\/li>\n<li><span style=\"font-weight: 400;\"> Responsabilit\u00e9 d\u2019entreprise et durabilit\u00e9<\/span><\/li>\n<li><span style=\"font-weight: 400;\"> Formation pour les fournisseurs<\/span><\/li>\n<\/ul>\n<p>[\/et_pb_text][\/et_pb_column][et_pb_column type=\u00a0\u00bb1_3&Prime; _builder_version=\u00a0\u00bb4.0.7&Prime;][et_pb_text _builder_version=\u00a0\u00bb4.6.6&Prime;]<\/p>\n<h2><span style=\"color: #128751;\">Les industries que nous servons comprennent:<\/span><\/h2>\n<ul>\n<li style=\"font-weight: 400;\"><span style=\"font-weight: 400;\">Produits de consommation<\/span><\/li>\n<li style=\"font-weight: 400;\"><span style=\"font-weight: 400;\">Agriculture et sciences de la vie<\/span><\/li>\n<li style=\"font-weight: 400;\"><span style=\"font-weight: 400;\">Transport<\/span><\/li>\n<li style=\"font-weight: 400;\"><span style=\"font-weight: 400;\">Information et communication<\/span><\/li>\n<li style=\"font-weight: 400;\"><span style=\"font-weight: 400;\">\u00c9nergie et services publics<\/span><\/li>\n<li style=\"font-weight: 400;\"><span style=\"font-weight: 400;\">Services aux entreprises et professionnels<\/span><\/li>\n<\/ul>\n<p>[\/et_pb_text][\/et_pb_column][et_pb_column type=\u00a0\u00bb1_3&Prime; _builder_version=\u00a0\u00bb4.0.7&Prime;][et_pb_image src=\u00a0\u00bbhttp:\/\/greencompete.com\/wp-content\/uploads\/supply-chain.png\u00a0\u00bb title_text=\u00a0\u00bbsupply-chain\u00a0\u00bb _builder_version=\u00a0\u00bb4.6.6&Prime; _module_preset=\u00a0\u00bbdefault\u00a0\u00bb][\/et_pb_image][\/et_pb_column][\/et_pb_row][et_pb_row admin_label=\u00a0\u00bbrow\u00a0\u00bb _builder_version=\u00a0\u00bb3.25&Prime; background_size=\u00a0\u00bbinitial\u00a0\u00bb background_position=\u00a0\u00bbtop_left\u00a0\u00bb background_repeat=\u00a0\u00bbrepeat\u00a0\u00bb custom_margin=\u00a0\u00bb||0px|\u00a0\u00bb custom_padding=\u00a0\u00bb20px||0px|\u00a0\u00bb][et_pb_column type=\u00a0\u00bb4_4&Prime; _builder_version=\u00a0\u00bb3.25&Prime; custom_padding=\u00a0\u00bb|||\u00a0\u00bb custom_padding__hover=\u00a0\u00bb|||\u00a0\u00bb][et_pb_divider color=\u00a0\u00bb#dadcdc\u00a0\u00bb divider_position=\u00a0\u00bbcenter\u00a0\u00bb divider_weight=\u00a0\u00bb5px\u00a0\u00bb admin_label=\u00a0\u00bbDivider\u00a0\u00bb _builder_version=\u00a0\u00bb3.23.4&Prime; height=\u00a0\u00bb10px\u00a0\u00bb custom_css_main_element=\u00a0\u00bbmargin: 0 auto;\u00a0\u00bb hide_on_mobile=\u00a0\u00bboff\u00a0\u00bb] [\/et_pb_divider][et_pb_text admin_label=\u00a0\u00bbStrategies to help you grow and compete in your industry and markets.\u00a0\u00bb _builder_version=\u00a0\u00bb4.6.6&Prime; text_font=\u00a0\u00bb||||||||\u00a0\u00bb text_text_color=\u00a0\u00bb#4178a3&Prime; background_size=\u00a0\u00bbinitial\u00a0\u00bb background_position=\u00a0\u00bbtop_left\u00a0\u00bb background_repeat=\u00a0\u00bbrepeat\u00a0\u00bb text_orientation=\u00a0\u00bbcenter\u00a0\u00bb module_alignment=\u00a0\u00bbcenter\u00a0\u00bb custom_margin=\u00a0\u00bb|100px||100px\u00a0\u00bb custom_margin_tablet=\u00a0\u00bb\u00a0\u00bb custom_margin_phone=\u00a0\u00bb|0px||0px\u00a0\u00bb custom_margin_last_edited=\u00a0\u00bbon|desktop\u00a0\u00bb custom_padding=\u00a0\u00bb||10px|\u00a0\u00bb text_font_size_tablet=\u00a0\u00bb\u00a0\u00bb text_font_size_phone=\u00a0\u00bb\u00a0\u00bb text_font_size_last_edited=\u00a0\u00bbon|phone\u00a0\u00bb use_border_color=\u00a0\u00bboff\u00a0\u00bb border_color=\u00a0\u00bb#ffffff\u00a0\u00bb border_style=\u00a0\u00bbsolid\u00a0\u00bb saved_tabs=\u00a0\u00bball\u00a0\u00bb]<\/p>\n<h1><span style=\"color: #128751;\">Exp\u00e9rience<\/span><\/h1>\n<p>[\/et_pb_text][et_pb_text _builder_version=\u00a0\u00bb4.6.6&Prime; _module_preset=\u00a0\u00bbdefault\u00a0\u00bb]<\/p>\n<p><span style=\"font-weight: 400;\">Nos experts ont plus de <strong>20 ans<\/strong> d&rsquo;exp\u00e9rience dans la gestion du changement d&rsquo;approvisionnement pour les entreprises dans un large \u00e9ventail de secteurs industriels.<\/span><\/p>\n<p><span style=\"font-weight: 400;\">Nous avons une excellente connaissance des meilleures pratiques de gestion de la cha\u00eene d&rsquo;approvisionnement.<\/span><\/p>\n<p><span style=\"font-weight: 400;\">Nous sommes passionn\u00e9s par les partenariats et tr\u00e8s strat\u00e9giques et innovants pour vous trouver les bons partenaires et fournisseurs.<\/span><\/p>\n<p>[\/et_pb_text][\/et_pb_column][\/et_pb_row][\/et_pb_section]<\/p>\n","protected":false},"excerpt":{"rendered":"<p>Cha\u00eenes d&rsquo;approvisionnement vertes et diversit\u00e9 des fournisseurs Nous aidons les entreprises \u00e0 rendre leurs cha\u00eenes d&rsquo;approvisionnement plus \u00ab vertes \u00bb pour atteindre leurs objectifs d\u2019affaires et r\u00e9pondre aux besoins de leurs clients. Nous d\u00e9veloppons des strat\u00e9gies de cha\u00eene d&rsquo;approvisionnement et trouvons de nouveaux partenaires et fournisseurs \u00ab verts \u00bb pour les entreprises sur des march\u00e9s [&hellip;]<\/p>\n","protected":false},"author":2,"featured_media":0,"parent":742,"menu_order":4,"comment_status":"closed","ping_status":"closed","template":"","meta":{"_et_pb_use_builder":"on","_et_pb_old_content":"","_et_gb_content_width":"","footnotes":""},"class_list":["post-1416","page","type-page","status-publish","hentry"],"yoast_head":"<!-- This site is optimized with the Yoast SEO plugin v27.4 - https:\/\/yoast.com\/product\/yoast-seo-wordpress\/ -->\n<title>Cha\u00eenes d&#039;approvisionnement - GreenCompete<\/title>\n<meta name=\"robots\" content=\"index, follow, max-snippet:-1, max-image-preview:large, max-video-preview:-1\" \/>\n<link rel=\"canonical\" href=\"https:\/\/greencompete.com\/fr\/services\/chaines-dapprovisionnement\/\" \/>\n<meta property=\"og:locale\" content=\"fr_FR\" \/>\n<meta property=\"og:type\" content=\"article\" \/>\n<meta property=\"og:title\" content=\"Cha\u00eenes d&#039;approvisionnement - GreenCompete\" \/>\n<meta property=\"og:description\" content=\"Cha\u00eenes d&#039;approvisionnement vertes et diversit\u00e9 des fournisseurs Nous aidons les entreprises \u00e0 rendre leurs cha\u00eenes d&#039;approvisionnement plus \u00ab vertes \u00bb pour atteindre leurs objectifs d\u2019affaires et r\u00e9pondre aux besoins de leurs clients. Nous d\u00e9veloppons des strat\u00e9gies de cha\u00eene d&#039;approvisionnement et trouvons de nouveaux partenaires et fournisseurs \u00ab verts \u00bb pour les entreprises sur des march\u00e9s [&hellip;]\" \/>\n<meta property=\"og:url\" content=\"https:\/\/greencompete.com\/fr\/services\/chaines-dapprovisionnement\/\" \/>\n<meta property=\"og:site_name\" content=\"GreenCompete\" \/>\n<meta property=\"article:modified_time\" content=\"2020-10-23T20:02:10+00:00\" \/>\n<meta name=\"twitter:card\" content=\"summary_large_image\" \/>\n<meta name=\"twitter:label1\" content=\"Dur\u00e9e de lecture estim\u00e9e\" \/>\n\t<meta name=\"twitter:data1\" content=\"4 minutes\" \/>\n<script type=\"application\/ld+json\" class=\"yoast-schema-graph\">{\"@context\":\"https:\\\/\\\/schema.org\",\"@graph\":[{\"@type\":\"WebPage\",\"@id\":\"https:\\\/\\\/greencompete.com\\\/fr\\\/services\\\/chaines-dapprovisionnement\\\/\",\"url\":\"https:\\\/\\\/greencompete.com\\\/fr\\\/services\\\/chaines-dapprovisionnement\\\/\",\"name\":\"Cha\u00eenes d'approvisionnement - GreenCompete\",\"isPartOf\":{\"@id\":\"https:\\\/\\\/greencompete.com\\\/#website\"},\"datePublished\":\"2020-10-18T23:39:51+00:00\",\"dateModified\":\"2020-10-23T20:02:10+00:00\",\"breadcrumb\":{\"@id\":\"https:\\\/\\\/greencompete.com\\\/fr\\\/services\\\/chaines-dapprovisionnement\\\/#breadcrumb\"},\"inLanguage\":\"fr-FR\",\"potentialAction\":[{\"@type\":\"ReadAction\",\"target\":[\"https:\\\/\\\/greencompete.com\\\/fr\\\/services\\\/chaines-dapprovisionnement\\\/\"]}]},{\"@type\":\"BreadcrumbList\",\"@id\":\"https:\\\/\\\/greencompete.com\\\/fr\\\/services\\\/chaines-dapprovisionnement\\\/#breadcrumb\",\"itemListElement\":[{\"@type\":\"ListItem\",\"position\":1,\"name\":\"Home\",\"item\":\"https:\\\/\\\/greencompete.com\\\/fr\\\/\"},{\"@type\":\"ListItem\",\"position\":2,\"name\":\"Services\",\"item\":\"https:\\\/\\\/greencompete.com\\\/fr\\\/services\\\/\"},{\"@type\":\"ListItem\",\"position\":3,\"name\":\"Cha\u00eenes d&rsquo;approvisionnement\"}]},{\"@type\":\"WebSite\",\"@id\":\"https:\\\/\\\/greencompete.com\\\/#website\",\"url\":\"https:\\\/\\\/greencompete.com\\\/\",\"name\":\"GreenCompete\",\"description\":\"Helping you grow and compete\",\"potentialAction\":[{\"@type\":\"SearchAction\",\"target\":{\"@type\":\"EntryPoint\",\"urlTemplate\":\"https:\\\/\\\/greencompete.com\\\/?s={search_term_string}\"},\"query-input\":{\"@type\":\"PropertyValueSpecification\",\"valueRequired\":true,\"valueName\":\"search_term_string\"}}],\"inLanguage\":\"fr-FR\"}]}<\/script>\n<!-- \/ Yoast SEO plugin. -->","yoast_head_json":{"title":"Cha\u00eenes d'approvisionnement - GreenCompete","robots":{"index":"index","follow":"follow","max-snippet":"max-snippet:-1","max-image-preview":"max-image-preview:large","max-video-preview":"max-video-preview:-1"},"canonical":"https:\/\/greencompete.com\/fr\/services\/chaines-dapprovisionnement\/","og_locale":"fr_FR","og_type":"article","og_title":"Cha\u00eenes d'approvisionnement - GreenCompete","og_description":"Cha\u00eenes d'approvisionnement vertes et diversit\u00e9 des fournisseurs Nous aidons les entreprises \u00e0 rendre leurs cha\u00eenes d'approvisionnement plus \u00ab vertes \u00bb pour atteindre leurs objectifs d\u2019affaires et r\u00e9pondre aux besoins de leurs clients. Nous d\u00e9veloppons des strat\u00e9gies de cha\u00eene d'approvisionnement et trouvons de nouveaux partenaires et fournisseurs \u00ab verts \u00bb pour les entreprises sur des march\u00e9s [&hellip;]","og_url":"https:\/\/greencompete.com\/fr\/services\/chaines-dapprovisionnement\/","og_site_name":"GreenCompete","article_modified_time":"2020-10-23T20:02:10+00:00","twitter_card":"summary_large_image","twitter_misc":{"Dur\u00e9e de lecture estim\u00e9e":"4 minutes"},"schema":{"@context":"https:\/\/schema.org","@graph":[{"@type":"WebPage","@id":"https:\/\/greencompete.com\/fr\/services\/chaines-dapprovisionnement\/","url":"https:\/\/greencompete.com\/fr\/services\/chaines-dapprovisionnement\/","name":"Cha\u00eenes d'approvisionnement - GreenCompete","isPartOf":{"@id":"https:\/\/greencompete.com\/#website"},"datePublished":"2020-10-18T23:39:51+00:00","dateModified":"2020-10-23T20:02:10+00:00","breadcrumb":{"@id":"https:\/\/greencompete.com\/fr\/services\/chaines-dapprovisionnement\/#breadcrumb"},"inLanguage":"fr-FR","potentialAction":[{"@type":"ReadAction","target":["https:\/\/greencompete.com\/fr\/services\/chaines-dapprovisionnement\/"]}]},{"@type":"BreadcrumbList","@id":"https:\/\/greencompete.com\/fr\/services\/chaines-dapprovisionnement\/#breadcrumb","itemListElement":[{"@type":"ListItem","position":1,"name":"Home","item":"https:\/\/greencompete.com\/fr\/"},{"@type":"ListItem","position":2,"name":"Services","item":"https:\/\/greencompete.com\/fr\/services\/"},{"@type":"ListItem","position":3,"name":"Cha\u00eenes d&rsquo;approvisionnement"}]},{"@type":"WebSite","@id":"https:\/\/greencompete.com\/#website","url":"https:\/\/greencompete.com\/","name":"GreenCompete","description":"Helping you grow and compete","potentialAction":[{"@type":"SearchAction","target":{"@type":"EntryPoint","urlTemplate":"https:\/\/greencompete.com\/?s={search_term_string}"},"query-input":{"@type":"PropertyValueSpecification","valueRequired":true,"valueName":"search_term_string"}}],"inLanguage":"fr-FR"}]}},"_links":{"self":[{"href":"https:\/\/greencompete.com\/fr\/wp-json\/wp\/v2\/pages\/1416","targetHints":{"allow":["GET"]}}],"collection":[{"href":"https:\/\/greencompete.com\/fr\/wp-json\/wp\/v2\/pages"}],"about":[{"href":"https:\/\/greencompete.com\/fr\/wp-json\/wp\/v2\/types\/page"}],"author":[{"embeddable":true,"href":"https:\/\/greencompete.com\/fr\/wp-json\/wp\/v2\/users\/2"}],"replies":[{"embeddable":true,"href":"https:\/\/greencompete.com\/fr\/wp-json\/wp\/v2\/comments?post=1416"}],"version-history":[{"count":5,"href":"https:\/\/greencompete.com\/fr\/wp-json\/wp\/v2\/pages\/1416\/revisions"}],"predecessor-version":[{"id":1643,"href":"https:\/\/greencompete.com\/fr\/wp-json\/wp\/v2\/pages\/1416\/revisions\/1643"}],"up":[{"embeddable":true,"href":"https:\/\/greencompete.com\/fr\/wp-json\/wp\/v2\/pages\/742"}],"wp:attachment":[{"href":"https:\/\/greencompete.com\/fr\/wp-json\/wp\/v2\/media?parent=1416"}],"curies":[{"name":"wp","href":"https:\/\/api.w.org\/{rel}","templated":true}]}}